{"id":1493,"date":"2024-02-15T16:39:04","date_gmt":"2024-02-15T14:39:04","guid":{"rendered":"http:\/\/dobrylotr.pl\/?page_id=1493"},"modified":"2024-02-28T18:06:11","modified_gmt":"2024-02-28T16:06:11","slug":"warsztaty-prorockie","status":"publish","type":"page","link":"https:\/\/dobrylotr.pl\/index.php\/warsztaty-prorockie\/","title":{"rendered":"Warsztaty Prorockie"},"content":{"rendered":"<p><img loading=\"lazy\" decoding=\"async\" src=\"https:\/\/dobrylotr.pl\/wp-content\/uploads\/2024\/02\/Warsztaty-prorockie-Witryna-internetowa-1024x576.png\" alt=\"\" width=\"750\" height=\"422\" class=\"wp-image-1495 size-large aligncenter\" srcset=\"https:\/\/dobrylotr.pl\/wp-content\/uploads\/2024\/02\/Warsztaty-prorockie-Witryna-internetowa-1024x576.png 1024w, https:\/\/dobrylotr.pl\/wp-content\/uploads\/2024\/02\/Warsztaty-prorockie-Witryna-internetowa-300x169.png 300w, https:\/\/dobrylotr.pl\/wp-content\/uploads\/2024\/02\/Warsztaty-prorockie-Witryna-internetowa-768x432.png 768w, https:\/\/dobrylotr.pl\/wp-content\/uploads\/2024\/02\/Warsztaty-prorockie-Witryna-internetowa.png 1366w\" sizes=\"auto, (max-width: 750px) 100vw, 750px\" \/><\/p>\n<p>Zapraszamy na Warsztaty Prorockie, kt\u00f3re poprowadzi Szko\u0142a Nowej Ewangelizacji Zacheusz z Cieszyna. Na warsztatach poznamy co to jest proroctwo oraz jak nim pos\u0142ugiwa\u0107. Szko\u0142a Zacheusz ma wieloletnie do\u015bwiadczenie w pos\u0142udze prorockiej oraz prowadzeniu warsztat\u00f3w.<br \/>\nWarsztaty s\u0105 dla cz\u0142onk\u00f3w wsp\u00f3lnot.<\/p>\n<p>&nbsp;<\/p>\n<p><strong>Termin:<br \/>\n<\/strong>1 &#8211; 3\u00a0 marca 2024r.<br \/>\nRozpocz\u0119cie: Pi\u0105tek 17:30 \u2013 recepcja<br \/>\nZako\u0144czenie: Niedziela oko\u0142o 15:00<\/p>\n<p>&nbsp;<\/p>\n<p><strong>Miejsce:<br \/>\n<\/strong>Diecezjalna Szko\u0142a Nowej Ewangelizacji \u015bw. Dobrego \u0141otra<br \/>\nul. G\u0142\u00f3wna 16, 26-600 Radom<br \/>\no\u015brodek \u201eKazimierz\u00f3wka\u201d przy ko\u015bciele \u015bw. Kazimierza o\u015b. Zam\u0142ynie<\/p>\n<p>Wej\u015bcie do o\u015brodka znajduje si\u0119 od strony ulicy G\u0142\u00f3wnej, 100 m w d\u00f3\u0142 ulicy od parkingu przy ko\u015bciele. O\u015brodek znajduje si\u0119 pod ko\u015bcio\u0142em.<\/p>\n<p><iframe loading=\"lazy\" width=\"400\" height=\"300\" src=\"https:\/\/www.google.com\/maps\/embed?pb=!1m18!1m12!1m3!1d2488.9330424782383!2d21.122418215293454!3d51.40428497961823!2m3!1f0!2f0!3f0!3m2!1i1024!2i768!4f13.1!3m3!1m2!1s0x47185939620860f7%3A0xeb30d5fc54440e39!2sSzko%C5%82a%20Nowej%20Ewangelizacji%20%C5%9Bw.%20Dobrego%20%C5%81otra!5e0!3m2!1spl!2spl!4v1580296517449!5m2!1spl!2spl\" frameborder=\"0\" allowfullscreen=\"allowfullscreen\" data-mce-fragment=\"1\"><\/iframe><\/p>\n<p>&nbsp;<\/p>\n<p><strong>Koszt:<br \/>\n<\/strong>200z\u0142<\/p>\n<p>*cena zawiera wy\u017cywienie(sobota \u2013 obiad i kolacj\u0119, niedziela \u2013 obiad), materia\u0142y dydaktyczne, utrzymanie o\u015brodka oraz pyszn\u0105 kaw\u0119 i herbat\u0119 we wszystkich przerwach.<\/p>\n<p>*do wpisania na list\u0119 uczestnik\u00f3w kursu poza wype\u0142nieniem formularza, wymagane jest wp\u0142acenie zaliczki w wysoko\u015bci 100z\u0142 lub ca\u0142o\u015bci kwoty 200z\u0142.<\/p>\n<p>Bank BG\u017b<br \/>\n54 2030 0045 1110 0000 0278 1190<br \/>\nFundacja Dobrego \u0141otra<br \/>\nul. G\u0142\u00f3wna 16<br \/>\n26-600 Radom<br \/>\nW tytule prosz\u0119 poda\u0107: Warsztaty Prorockie oraz imi\u0119 i nazwisko osoby zapisywanej.<\/p>\n<p>&nbsp;<\/p>\n<p><strong>Uwagi:<\/strong><\/p>\n<ul>\n<li><span>warsztaty przeznaczone s\u0105 dla os\u00f3b pe\u0142noletnich<\/span><\/li>\n<li>nale\u017cy by\u0107 cz\u0142onkiem wsp\u00f3lnoty<\/li>\n<li>kurs jest dochodzony, ewentualne noclegi prosimy o kontakt<\/li>\n<li>nale\u017cy by\u0107 na ca\u0142ym kursie<\/li>\n<li>w przypadku rezygnacji zaliczka nie jest zwracana<\/li>\n<li>zabierz ze sob\u0105 notatnik oraz d\u0142ugopis<\/li>\n<li>termin zapis\u00f3w do 27 lutego 2024r.<\/li>\n<li>kontakt: sne@dobrylotr.pl lub<span>\u00a0<\/span><span>578 910 452<\/span><\/li>\n<\/ul>\n<h3 style=\"text-align: center;\"><strong>Zapisy zamkni\u0119te<\/strong><\/h3>\n<p>&nbsp;<\/p>\n","protected":false},"excerpt":{"rendered":"<p>Zapraszamy na Warsztaty Prorockie, kt\u00f3re poprowadzi Szko\u0142a Nowej Ewangelizacji Zacheusz z Cieszyna. Na warsztatach poznamy co to jest proroctwo oraz jak nim pos\u0142ugiwa\u0107. Szko\u0142a Zacheusz ma wieloletnie do\u015bwiadczenie w pos\u0142udze prorockiej oraz prowadzeniu warsztat\u00f3w. Warsztaty s\u0105 dla cz\u0142onk\u00f3w wsp\u00f3lnot. &nbsp; Termin: 1 &#8211; 3\u00a0 marca 2024r. Rozpocz\u0119cie: Pi\u0105tek 17:30 \u2013 [&hellip;]<\/p>\n","protected":false},"author":1,"featured_media":1496,"parent":0,"menu_order":0,"comment_status":"closed","ping_status":"closed","template":"","meta":{"footnotes":""},"class_list":["post-1493","page","type-page","status-publish","has-post-thumbnail","hentry"],"_links":{"self":[{"href":"https:\/\/dobrylotr.pl\/index.php\/wp-json\/wp\/v2\/pages\/1493","targetHints":{"allow":["GET"]}}],"collection":[{"href":"https:\/\/dobrylotr.pl\/index.php\/wp-json\/wp\/v2\/pages"}],"about":[{"href":"https:\/\/dobrylotr.pl\/index.php\/wp-json\/wp\/v2\/types\/page"}],"author":[{"embeddable":true,"href":"https:\/\/dobrylotr.pl\/index.php\/wp-json\/wp\/v2\/users\/1"}],"replies":[{"embeddable":true,"href":"https:\/\/dobrylotr.pl\/index.php\/wp-json\/wp\/v2\/comments?post=1493"}],"version-history":[{"count":2,"href":"https:\/\/dobrylotr.pl\/index.php\/wp-json\/wp\/v2\/pages\/1493\/revisions"}],"predecessor-version":[{"id":1499,"href":"https:\/\/dobrylotr.pl\/index.php\/wp-json\/wp\/v2\/pages\/1493\/revisions\/1499"}],"wp:featuredmedia":[{"embeddable":true,"href":"https:\/\/dobrylotr.pl\/index.php\/wp-json\/wp\/v2\/media\/1496"}],"wp:attachment":[{"href":"https:\/\/dobrylotr.pl\/index.php\/wp-json\/wp\/v2\/media?parent=1493"}],"curies":[{"name":"wp","href":"https:\/\/api.w.org\/{rel}","templated":true}]}}