{"id":1531,"date":"2024-06-10T10:49:05","date_gmt":"2024-06-10T08:49:05","guid":{"rendered":"https:\/\/dobrylotr.pl\/?page_id=1531"},"modified":"2024-06-10T10:49:05","modified_gmt":"2024-06-10T08:49:05","slug":"pytania-do-podsumowania-roku-2023-2024","status":"publish","type":"page","link":"https:\/\/dobrylotr.pl\/index.php\/pytania-do-podsumowania-roku-2023-2024\/","title":{"rendered":"Pytania do podsumowania roku 2023\/2024"},"content":{"rendered":"<p><span style=\"font-weight: 400;\">To s\u0105 pytania, kt\u00f3re ka\u017cdemu z nas maj\u0105 pom\u00f3c w podsumowaniu naszego rozwoju duchowego w minionym roku formacyjnym. Pytania maj\u0105 na celu u\u015bwiadomienie nam jakie zmiany si\u0119 w nas dokona\u0142y lub u\u015bwiadomi\u0107, \u017ce nic si\u0119 nie zmienia. Pytania nie maj\u0105 na celu oceniania czy os\u0105dzania nikogo.<\/span><\/p>\n<p><span style=\"font-weight: 400;\">Odpowiedz zwi\u0119\u017ale jednym lub g\u00f3ra dwoma zdaniami.<\/span><\/p>\n<p><span style=\"font-weight: 400;\">Na spotkaniu we wtorek podzielimy si\u0119 naszymi odpowiedziami.<\/span><\/p>\n<p>&nbsp;<\/p>\n<p><b>Pytania do zastanowienia si\u0119:<\/b><\/p>\n<ol>\n<li><b>Jak oceniam sw\u00f3j rozw\u00f3j duchowy w ci\u0105gu tego roku formacyjnego?<br \/>\n<\/b><span style=\"font-weight: 400;\">Jakie konkretne zmiany zauwa\u017cy\u0142em\/am w swoim \u017cyciu duchowym?<\/span><span style=\"font-weight: 400;\"><\/p>\n<p><\/span><\/li>\n<li><b>Czy czuj\u0119, \u017ce zbli\u017cy\u0142em\/am si\u0119 do Jezusa w ci\u0105gu tego roku?<br \/>\n<\/b><span style=\"font-weight: 400;\">Jakie wydarzenia, spotkania czy kursy przyczyni\u0142y si\u0119 do tego? <\/span><span style=\"font-weight: 400;\"><\/p>\n<p><\/span><\/li>\n<li><b>Jakie wyzwania napotka\u0142em\/am na drodze do stania si\u0119 s\u0142ug\u0105 Jezusa?<br \/>\n<\/b><span style=\"font-weight: 400;\">Jak uda\u0142o mi si\u0119 je przezwyci\u0119\u017cy\u0107?<\/span><span style=\"font-weight: 400;\"><\/p>\n<p><\/span><\/li>\n<li><b>Jakie aspekty formacji by\u0142y dla mnie najbardziej warto\u015bciowe?<br \/>\n<\/b><span style=\"font-weight: 400;\">Czy by\u0142y takie, kt\u00f3re mia\u0142y szczeg\u00f3lny wp\u0142yw na moje \u017cycie duchowe?<\/span><span style=\"font-weight: 400;\"><\/p>\n<p><\/span><\/li>\n<li><b>Czy zauwa\u017cy\u0142em\/am zmian\u0119 w mojej postawie wobec innych ludzi?<br \/>\n<\/b><span style=\"font-weight: 400;\">W jaki spos\u00f3b staram si\u0119 s\u0142u\u017cy\u0107 innym na co dzie\u0144?<\/span><span style=\"font-weight: 400;\"><\/p>\n<p><\/span><\/li>\n<li><b>Jakie pos\u0142ugi podejmowa\u0142em\/am w tym roku we wsp\u00f3lnocie (wymie\u0144 konkretnie)?<br \/>\n<\/b><span style=\"font-weight: 400;\">Czy jest co\u015b, co chcia\u0142bym\/am kontynuowa\u0107 lub rozwija\u0107?<br \/>\n<\/span><span style=\"font-weight: 400;\">Jakie by\u0142y tego owoce?<\/span><span style=\"font-weight: 400;\"><\/p>\n<p><\/span><\/li>\n<li><b>Jakie pos\u0142ugi podejmowa\u0142em\/am w ramach ma\u0142ej grupy?<br \/>\n<\/b><span style=\"font-weight: 400;\">Ile razy bra\u0142em\/am dy\u017cury adoracji, pos\u0142ug\u0119 liturgiczn\u0105 (wymie\u0144 jak\u0105), pos\u0142ug\u0119 przy pude\u0142ku ma\u0142ej grupy, wysy\u0142anie modlitwy, dy\u017cur adoracji w Jedlni.<\/span><span style=\"font-weight: 400;\"><\/p>\n<p><\/span><\/li>\n<li><b>Czy czu\u0142em\/am si\u0119 w tym roku zwi\u0105zany\/a z misj\u0105 Wsp\u00f3lnoty?<br \/>\n<\/b><span style=\"font-weight: 400;\">Jak realizowa\u0142em\/am \u017cycie jej warto\u015bciami we Wsp\u00f3lnocie oraz moim \u017cyciu?<\/span><span style=\"font-weight: 400;\"><\/p>\n<p><\/span><\/li>\n<li><b>Czy by\u0142em\/am w kontakcie z gospodarzem mojej grupy?<br \/>\n<\/b><span style=\"font-weight: 400;\">Czy informowa\u0142em go, \u017ce\u00a0 mnie nie b\u0119dzie?<br \/>\n<\/span><span style=\"font-weight: 400;\">Czy informowa\u0142em\/am o podj\u0119tych godzinach adoracji?<\/span><b><\/p>\n<p><\/b><\/li>\n<li><b>Czy bra\u0142em\/am odpowiedzialno\u015b\u0107 za wsp\u00f3lnot\u0119?<br \/>\n<\/b><span style=\"font-weight: 400;\">Duchow\u0105 &#8211; czy modli\u0142em\/am si\u0119 za wsp\u00f3lnot\u0119 i jej dzie\u0142a?<br \/>\n<\/span><span style=\"font-weight: 400;\">Praktyczn\u0105 &#8211; czy pomaga\u0142em(am) przy organizowaniu akcji, kurs\u00f3w?<br \/>\n<\/span><span style=\"font-weight: 400;\">Finansow\u0105 &#8211; czy oddaje dziesi\u0119cin\u0119, taca gospodarcza?<\/span><span style=\"font-weight: 400;\"><\/p>\n<p><\/span><\/li>\n<li><b>Jak oceniam swoje zaanga\u017cowanie w \u017cycie grupy i wsp\u00f3lnoty?<br \/>\n<\/b><span style=\"font-weight: 400;\">Co mog\u0119 zrobi\u0107, aby jeszcze bardziej si\u0119 anga\u017cowa\u0107?<\/span><span style=\"font-weight: 400;\"><br \/>\n<\/span><span style=\"font-weight: 400;\"><br \/>\n<\/span><b>Jakie osobiste cele duchowe wyznaczam sobie na przysz\u0142y rok?<br \/>\n<\/b><span style=\"font-weight: 400;\">W jaki spos\u00f3b planuj\u0119 je osi\u0105gn\u0105\u0107?<\/span><span style=\"font-weight: 400;\"><\/span><\/li>\n<li><span style=\"font-weight: 400;\"><br \/>\n<\/span><b>Czy s\u0105 obszary, w kt\u00f3rych czuj\u0119 potrzeb\u0119 dalszego rozwoju i wsparcia?<br \/>\n<\/b><span style=\"font-weight: 400;\">Jakie to obszary i jak mog\u0119 nad nimi pracowa\u0107?<\/span><span style=\"font-weight: 400;\"><\/p>\n<p><\/span><\/li>\n<li><b>Jak oceniam rol\u0119 lider\u00f3w i przewodnik\u00f3w duchowych w moim rozwoju?<\/b><b>\n<p><\/b><\/li>\n<li><b>Czy widz\u0119 jak\u0105\u015b pos\u0142ug\u0119 za kt\u00f3r\u0105 ch\u0119tnie wezm\u0119 odpowiedzialno\u015b\u0107?<br \/>\n<\/b><span style=\"font-weight: 400;\">Pos\u0142ug\u0119, kt\u00f3ra ju\u017c istnieje lub, kt\u00f3r\u0105 chcia\u0142\/a stworzy\u0107.<\/span><b><\/p>\n<p><\/b><\/li>\n<li><b>Czy odkry\u0142em\/am ju\u017c swoje obdarowanie charyzmatyczne?<br \/>\n<\/b><span style=\"font-weight: 400;\">Jak je rozwija\u0142em\/am?<\/span><\/li>\n<\/ol>\n","protected":false},"excerpt":{"rendered":"<p>To s\u0105 pytania, kt\u00f3re ka\u017cdemu z nas maj\u0105 pom\u00f3c w podsumowaniu naszego rozwoju duchowego w minionym roku formacyjnym. Pytania maj\u0105 na celu u\u015bwiadomienie nam jakie zmiany si\u0119 w nas dokona\u0142y lub u\u015bwiadomi\u0107, \u017ce nic si\u0119 nie zmienia. Pytania nie maj\u0105 na celu oceniania czy os\u0105dzania nikogo. Odpowiedz zwi\u0119\u017ale jednym lub [&hellip;]<\/p>\n","protected":false},"author":1,"featured_media":0,"parent":0,"menu_order":0,"comment_status":"closed","ping_status":"closed","template":"","meta":{"footnotes":""},"class_list":["post-1531","page","type-page","status-publish","hentry"],"_links":{"self":[{"href":"https:\/\/dobrylotr.pl\/index.php\/wp-json\/wp\/v2\/pages\/1531","targetHints":{"allow":["GET"]}}],"collection":[{"href":"https:\/\/dobrylotr.pl\/index.php\/wp-json\/wp\/v2\/pages"}],"about":[{"href":"https:\/\/dobrylotr.pl\/index.php\/wp-json\/wp\/v2\/types\/page"}],"author":[{"embeddable":true,"href":"https:\/\/dobrylotr.pl\/index.php\/wp-json\/wp\/v2\/users\/1"}],"replies":[{"embeddable":true,"href":"https:\/\/dobrylotr.pl\/index.php\/wp-json\/wp\/v2\/comments?post=1531"}],"version-history":[{"count":1,"href":"https:\/\/dobrylotr.pl\/index.php\/wp-json\/wp\/v2\/pages\/1531\/revisions"}],"predecessor-version":[{"id":1532,"href":"https:\/\/dobrylotr.pl\/index.php\/wp-json\/wp\/v2\/pages\/1531\/revisions\/1532"}],"wp:attachment":[{"href":"https:\/\/dobrylotr.pl\/index.php\/wp-json\/wp\/v2\/media?parent=1531"}],"curies":[{"name":"wp","href":"https:\/\/api.w.org\/{rel}","templated":true}]}}