{"id":1547,"date":"2024-07-09T17:04:20","date_gmt":"2024-07-09T15:04:20","guid":{"rendered":"https:\/\/dobrylotr.pl\/?page_id=1547"},"modified":"2024-07-09T17:04:20","modified_gmt":"2024-07-09T15:04:20","slug":"rekolekcje-wspolnotowe-2024","status":"publish","type":"page","link":"https:\/\/dobrylotr.pl\/index.php\/rekolekcje-wspolnotowe-2024\/","title":{"rendered":"Rekolekcje wsp\u00f3lnotowe 2024"},"content":{"rendered":"<div id=\"attachment_78\" style=\"width: 310px\" class=\"wp-caption alignleft\"><img loading=\"lazy\" decoding=\"async\" aria-describedby=\"caption-attachment-78\" src=\"https:\/\/dobrylotr.pl\/wp-content\/uploads\/2018\/05\/logo_sne-bez-ramek-300x300.png\" alt=\"\" width=\"300\" height=\"300\" class=\"size-medium wp-image-78\" \/><p id=\"caption-attachment-78\" class=\"wp-caption-text\">\u015aw. Dobry \u0141otr<\/p><\/div>\n<p>Zapraszamy wszystkich cz\u0142onk\u00f3w Wsp\u00f3lnoty \u015awi\u0119tego Dobrego \u0141otra do wzi\u0119cia udzia\u0142u w rekolekcjach przygotowuj\u0105cych nas do nowego roku formacyjnego.<\/p>\n<p>Rekolekcje s\u0105 przeznaczone tylko dla cz\u0142onk\u00f3w wsp\u00f3lnoty. Os\u00f3b z zewn\u0105trz nie przyjmujemy.<\/p>\n<p>Rekolekcje poprowadzi <span>o. Archanino\u0142\u00a0 Borek OFM, pasterz wsp\u00f3lnoty Zacheusz z Cieszyna.<\/span><br \/>\nStrona: <a href=\"https:\/\/youtube.com\/@archanioborek240?si=yH_oLdwqznICR55H\">https:\/\/youtube.com\/@archanioborek240?si=yH_oLdwqznICR55H<\/a><\/p>\n<p><strong>Termin:<\/strong><\/p>\n<p>1-4 sierpnia 2024r.<\/p>\n<p>czwartek od 17:30 recepcja, 18:00 kolacja<br \/>\nzako\u0144czenie niedziela oko\u0142o 15:00<\/p>\n<p><strong>Miejsce:<\/strong><\/p>\n<p><span>Centrum Spotka\u0144 i Dialogu Diecezji Kieleckiej<br \/>\nSkorzeszyce 167, 26-008 Skorzeszyce<\/span><\/p>\n<p><strong>Koszt:<\/strong><\/p>\n<p>470 z\u0142 za osob\u0119<\/p>\n<p><span>Wp\u0142ata ca\u0142o\u015bci lub zaliczki w wysoko\u015bci 170 z\u0142 jest potwierdzeniem ch\u0119ci wzi\u0119cia udzia\u0142u w rekolekcjach.<br \/>\nSamo wype\u0142nienie formularza nie wystarczy.<\/span><\/p>\n<p>Bank BG\u017b<br \/>\n54 2030 0045 1110 0000 0278 1190<br \/>\nFundacja Dobrego \u0141otra<br \/>\nul. G\u0142\u00f3wna 16<br \/>\n26-600 Radom<br \/>\nW tytule prosz\u0119 poda\u0107: Rekolekcje 2024 oraz imi\u0119 i nazwisko osoby zapisywanej.<\/p>\n<p><strong>We\u017a ze sob\u0105:<\/strong><\/p>\n<ul>\n<li>r\u0119cznik<\/li>\n<li>kubek termiczny (mo\u017ce by\u0107\u00a0 na kaw\u0119 lub herbat\u0119 (nie b\u0119dzie jednorazowych kubk\u00f3w)<\/li>\n<li>Pismo \u015awi\u0119te<\/li>\n<li>str\u00f3j na ognisko i spacer<\/li>\n<\/ul>\n<p>W ramach rekolekcji odwiedzimy najstarsze w Polsce Sanktuarium na \u015awi\u0119tym Krzy\u017cu. B\u0119dziemy tam mieli Eucharysti\u0119 oraz zwiedzanie z przewodnikiem. Wchodzi\u0107 b\u0119dziemy od Huty Szklanej po asfalcie, ci kt\u00f3rzy nie b\u0119d\u0105 mogli wej\u015b\u0107, b\u0119d\u0105 mogli wjecha\u0107.<\/p>\n<p><strong>Zapisy do 27 lipca 2024r.<br \/>\n<\/strong><br \/>\n<a href=\"https:\/\/docs.google.com\/forms\/d\/e\/1FAIpQLSe57OWb1deDqBxAOvrfH0Ubw3Grd3eiH2rNcWCF4R9nWxczww\/viewform?usp=sf_link\" target=\"_blank\" rel=\"noopener\"><\/a><\/p>\n<h3 style=\"text-align: center;\"><a href=\"https:\/\/docs.google.com\/forms\/d\/e\/1FAIpQLSc7D7u56rY2dIEm8DeBwiJ_9556F5VBqvVXGNrN_pTdU3LQeQ\/viewform?usp=sf_link\"><b>Zapisy<\/b><\/a><\/h3>\n","protected":false},"excerpt":{"rendered":"<p>Zapraszamy wszystkich cz\u0142onk\u00f3w Wsp\u00f3lnoty \u015awi\u0119tego Dobrego \u0141otra do wzi\u0119cia udzia\u0142u w rekolekcjach przygotowuj\u0105cych nas do nowego roku formacyjnego. Rekolekcje s\u0105 przeznaczone tylko dla cz\u0142onk\u00f3w wsp\u00f3lnoty. Os\u00f3b z zewn\u0105trz nie przyjmujemy. Rekolekcje poprowadzi o. Archanino\u0142\u00a0 Borek OFM, pasterz wsp\u00f3lnoty Zacheusz z Cieszyna. Strona: https:\/\/youtube.com\/@archanioborek240?si=yH_oLdwqznICR55H Termin: 1-4 sierpnia 2024r. czwartek od 17:30 [&hellip;]<\/p>\n","protected":false},"author":1,"featured_media":0,"parent":0,"menu_order":0,"comment_status":"closed","ping_status":"closed","template":"","meta":{"footnotes":""},"class_list":["post-1547","page","type-page","status-publish","hentry"],"_links":{"self":[{"href":"https:\/\/dobrylotr.pl\/index.php\/wp-json\/wp\/v2\/pages\/1547","targetHints":{"allow":["GET"]}}],"collection":[{"href":"https:\/\/dobrylotr.pl\/index.php\/wp-json\/wp\/v2\/pages"}],"about":[{"href":"https:\/\/dobrylotr.pl\/index.php\/wp-json\/wp\/v2\/types\/page"}],"author":[{"embeddable":true,"href":"https:\/\/dobrylotr.pl\/index.php\/wp-json\/wp\/v2\/users\/1"}],"replies":[{"embeddable":true,"href":"https:\/\/dobrylotr.pl\/index.php\/wp-json\/wp\/v2\/comments?post=1547"}],"version-history":[{"count":2,"href":"https:\/\/dobrylotr.pl\/index.php\/wp-json\/wp\/v2\/pages\/1547\/revisions"}],"predecessor-version":[{"id":1549,"href":"https:\/\/dobrylotr.pl\/index.php\/wp-json\/wp\/v2\/pages\/1547\/revisions\/1549"}],"wp:attachment":[{"href":"https:\/\/dobrylotr.pl\/index.php\/wp-json\/wp\/v2\/media?parent=1547"}],"curies":[{"name":"wp","href":"https:\/\/api.w.org\/{rel}","templated":true}]}}