{"id":189,"date":"2018-06-07T12:02:32","date_gmt":"2018-06-07T10:02:32","guid":{"rendered":"http:\/\/dobrylotr.pl\/?page_id=189"},"modified":"2019-10-23T18:10:40","modified_gmt":"2019-10-23T16:10:40","slug":"animatorzy","status":"publish","type":"page","link":"https:\/\/dobrylotr.pl\/index.php\/animatorzy\/","title":{"rendered":"Formacja Lider\u00f3w"},"content":{"rendered":"<p>Jako Szko\u0142a Nowej Ewangelizacji odczytujemy, \u017ce jedyn\u0105 metod\u0105 aby dotrze\u0107 do ka\u017cdego cz\u0142owieka z Dobr\u0105 Nowin\u0105 o Jezusie Chrystusie jest szkolenie uczni\u00f3w, kt\u00f3rzy b\u0119d\u0105 wstanie sta\u0107 si\u0119 w przysz\u0142o\u015bci liderami wsp\u00f3lnot, grup, diakoni itp. Dlatego tworzymy r\u00f3\u017cnego rodzaju szko\u0142y (projekty), kt\u00f3re maja nam pom\u00f3c osi\u0105gn\u0105\u0107 ten cel.<\/p>\n<p>&nbsp;<\/p>\n<p><strong>Szko\u0142a Odpowiedzialnych<\/strong> jest formacj\u0105 dzi\u0119ki kt\u00f3rej uczestnik dorasta do decyzji wzi\u0119cia odpowiedzialno\u015bci za konkretne dzie\u0142o ewangelizacyjne. Jest to podstawowy program formacji lider\u00f3w, kt\u00f3ry jest wst\u0119pem do innych szk\u00f3\u0142.<\/p>\n<p><strong>Szko\u0142a\u00a0<\/strong><b>Gospodarzy<\/b> (ma\u0142ej grupy) jest formacj\u0105 os\u00f3b, kt\u00f3re prowadz\u0105 ma\u0142\u0105 grup\u0119 w ramach wsp\u00f3lnoty. W ramach szko\u0142y uczestnik uczy si\u0119 jak merytorycznie i duchowo prowadzi\u0107 innych.<\/p>\n<p><strong>Szko\u0142a Towarzyszenia Duchowego<\/strong> uzdalnia \u015bwieckich do tego by sta\u0107 si\u0119 przyjacielem lub towarzyszem duchowym dla innej osoby. Nie jest to prowadzenie czy kierownictwo duchowe, lecz rodzaj wsparcia jakie powinni\u015bmy sobie dawa\u0107 na wzajem we wsp\u00f3lnotach.<\/p>\n<p>&nbsp;<\/p>\n<p>Zapisy na Szko\u0142\u0119 Odpowiedzialnych &#8211; pierwszy zjazd 9 listopada &#8211; <strong><a href=\"https:\/\/dobrylotr.pl\/index.php\/animatorzy\/szkola-odpowiedzialnych\/\">zapisz si\u0119<\/a><\/strong><\/p>\n<p>&nbsp;<\/p>\n<p>&nbsp;<\/p>\n<p>&nbsp;<\/p>\n<p>Pliki do pobrania:<\/p>\n<p><a href=\"https:\/\/dobrylotr.pl\/wp-content\/uploads\/2018\/06\/Ocena-zdrowia-duchowego.docx\">Ocena zdrowia duchowego<\/a><a href=\"https:\/\/dobrylotr.pl\/wp-content\/uploads\/2018\/06\/Foramacja-animatora-3-2.docx\"><\/a><\/p>\n<p><a href=\"https:\/\/dobrylotr.pl\/wp-content\/uploads\/2018\/06\/Formacja-animatora-4-plan-rozwoju-duchowego-3.docx\">Formacja animatora 4 &#8211; plan rozwoju duchowego<\/a><\/p>\n","protected":false},"excerpt":{"rendered":"<p>Jako Szko\u0142a Nowej Ewangelizacji odczytujemy, \u017ce jedyn\u0105 metod\u0105 aby dotrze\u0107 do ka\u017cdego cz\u0142owieka z Dobr\u0105 Nowin\u0105 o Jezusie Chrystusie jest szkolenie uczni\u00f3w, kt\u00f3rzy b\u0119d\u0105 wstanie sta\u0107 si\u0119 w przysz\u0142o\u015bci liderami wsp\u00f3lnot, grup, diakoni itp. Dlatego tworzymy r\u00f3\u017cnego rodzaju szko\u0142y (projekty), kt\u00f3re maja nam pom\u00f3c osi\u0105gn\u0105\u0107 ten cel. &nbsp; Szko\u0142a Odpowiedzialnych [&hellip;]<\/p>\n","protected":false},"author":1,"featured_media":0,"parent":0,"menu_order":0,"comment_status":"closed","ping_status":"closed","template":"","meta":{"footnotes":""},"class_list":["post-189","page","type-page","status-publish","hentry"],"_links":{"self":[{"href":"https:\/\/dobrylotr.pl\/index.php\/wp-json\/wp\/v2\/pages\/189","targetHints":{"allow":["GET"]}}],"collection":[{"href":"https:\/\/dobrylotr.pl\/index.php\/wp-json\/wp\/v2\/pages"}],"about":[{"href":"https:\/\/dobrylotr.pl\/index.php\/wp-json\/wp\/v2\/types\/page"}],"author":[{"embeddable":true,"href":"https:\/\/dobrylotr.pl\/index.php\/wp-json\/wp\/v2\/users\/1"}],"replies":[{"embeddable":true,"href":"https:\/\/dobrylotr.pl\/index.php\/wp-json\/wp\/v2\/comments?post=189"}],"version-history":[{"count":13,"href":"https:\/\/dobrylotr.pl\/index.php\/wp-json\/wp\/v2\/pages\/189\/revisions"}],"predecessor-version":[{"id":518,"href":"https:\/\/dobrylotr.pl\/index.php\/wp-json\/wp\/v2\/pages\/189\/revisions\/518"}],"wp:attachment":[{"href":"https:\/\/dobrylotr.pl\/index.php\/wp-json\/wp\/v2\/media?parent=189"}],"curies":[{"name":"wp","href":"https:\/\/api.w.org\/{rel}","templated":true}]}}