{"id":28,"date":"2018-02-06T11:57:36","date_gmt":"2018-02-06T11:57:36","guid":{"rendered":"http:\/\/nowa.dobrylotr.pl\/?page_id=28"},"modified":"2018-09-20T15:13:35","modified_gmt":"2018-09-20T13:13:35","slug":"o-nas","status":"publish","type":"page","link":"https:\/\/dobrylotr.pl\/index.php\/o-nas\/","title":{"rendered":"O nas"},"content":{"rendered":"<p style=\"text-align: center;\"><strong>Nasza Misja i wizja rozwoju w SNE<\/strong><\/p>\n<p><strong>Historia<\/strong><br \/>\nWsp\u00f3lnota Modlitwy i Ewangelizacji \u015bw. Dobrego \u0141otra powsta\u0142a 2 lutego 2007 roku. Na pocz\u0105tku byli\u015bmy grup\u0105 student\u00f3w zaanga\u017cowanych w duszpasterstwo akademickie. Ju\u017c wtedy pojawia\u0142o si\u0119 w nas pragnienie za\u0142o\u017cenia szko\u0142y nowej ewangelizacji. To pragnienie sta\u0142o si\u0119 faktem 12 stycznia 2014 roku, kiedy to biskup radomski Henryk Tomasik, podczas Mszy \u015awi\u0119tej w bazylice \u015bw. Kazimierza, erygowa\u0142 Diecezjaln\u0105 Szko\u0142\u0119 Nowej Ewangelizacji \u015bw. Dobrego \u0141otra w Radomiu. W tym samym roku powo\u0142ali\u015bmy do istnienia Fundacj\u0119 Dobrego \u0141otra, kt\u00f3ra stanowi podmiot prawny dla szko\u0142y.<\/p>\n<p>&nbsp;<\/p>\n<p><strong>Misja<\/strong><br \/>\nNasz\u0105 misj\u0119 kszta\u0142tuje nakaz misyjny z Ewangelii wed\u0142ug \u015bw. Mateusza \u201eId\u017acie na ca\u0142y \u015bwiat i czy\u0144cie uczni\u00f3w ze wszystkich narod\u00f3w\u201d(por. Mt 28, 19a) . Dlatego przyjmuj\u0105c strategi\u0119 naszego Pana Jezusa Chrystusa do czynienia uczni\u00f3w, realizujemy powierzon\u0105 nam przez Niego misj\u0119 zak\u0142adaj\u0105c i formuj\u0105c wsp\u00f3lnoty oraz \u015brodowiska zdolne do ewangelizacji. Narz\u0119dziami do pomna\u017cania tego wielkiego dzie\u0142a s\u0105 prowadzone przez nas kursy, rekolekcje, misje i wydarzenia o charakterze ewangelizacyjnym. Jako szko\u0142a nowej ewangelizacji bierzemy udzia\u0142 w mi\u0119dzynarodowym projekcie pastoralnym SESA, daj\u0105cym narz\u0119dzia do kszta\u0142towania uczni\u00f3w i ewangelizator\u00f3w.<\/p>\n<p>&nbsp;<\/p>\n<p><strong>Wizja<\/strong><br \/>\nWizj\u0119 naszej szko\u0142y okre\u015bla obraz bij\u0105cego \u017ar\u00f3d\u0142a dostarczaj\u0105cego nieustannie \u015bwie\u017cej, czystej i \u017cyciodajnej wody Ducha \u015awi\u0119tego. W praktyce oznacza to za\u0142o\u017cenie diecezjalnego centrum ewangelizacyjnego, w kt\u00f3rym b\u0119d\u0105 si\u0119 odbywa\u0142y szkolenia, warsztaty i rekolekcje s\u0142u\u017c\u0105ce formacji nowych ewangelizator\u00f3w dla nowej ewangelizacji. Wierzymy, \u017ce B\u00f3g zaprasza nas r\u00f3wnie\u017c do wej\u015bcia w przymierze \u017cycia z Nim oraz bra\u0107mi i siostrami id\u0105cymi drogami ewangelizacji. W wizj\u0119 wpisuje si\u0119 r\u00f3wnie\u017c pragnienie, aby przy ka\u017cdej parafii powsta\u0142a szko\u0142a nowej ewangelizacji.<\/p>\n<p>&nbsp;<\/p>\n<p><strong>\u201eTy wi\u0119c, moje dziecko , nabieraj mocy w \u0142asce, kt\u00f3ra jest w Chrystusie Jezusie, a to co\u00a0<\/strong><strong>us\u0142ysza\u0142e\u015b ode mnie za po\u015brednictwem wielu \u015bwiadk\u00f3w, przeka\u017c zas\u0142uguj\u0105cym na wiar\u0119 ludziom,\u00a0<\/strong><strong>kt\u00f3rzy b\u0119d\u0105 zdolni naucza\u0107 innych.\u201d (2Tm 2, 1 \u2013 2).<\/strong><\/p>\n","protected":false},"excerpt":{"rendered":"<p>Nasza Misja i wizja rozwoju w SNE Historia Wsp\u00f3lnota Modlitwy i Ewangelizacji \u015bw. Dobrego \u0141otra powsta\u0142a 2 lutego 2007 roku. Na pocz\u0105tku byli\u015bmy grup\u0105 student\u00f3w zaanga\u017cowanych w duszpasterstwo akademickie. Ju\u017c wtedy pojawia\u0142o si\u0119 w nas pragnienie za\u0142o\u017cenia szko\u0142y nowej ewangelizacji. To pragnienie sta\u0142o si\u0119 faktem 12 stycznia 2014 roku, kiedy [&hellip;]<\/p>\n","protected":false},"author":1,"featured_media":0,"parent":0,"menu_order":0,"comment_status":"closed","ping_status":"closed","template":"","meta":{"footnotes":""},"class_list":["post-28","page","type-page","status-publish","hentry"],"_links":{"self":[{"href":"https:\/\/dobrylotr.pl\/index.php\/wp-json\/wp\/v2\/pages\/28","targetHints":{"allow":["GET"]}}],"collection":[{"href":"https:\/\/dobrylotr.pl\/index.php\/wp-json\/wp\/v2\/pages"}],"about":[{"href":"https:\/\/dobrylotr.pl\/index.php\/wp-json\/wp\/v2\/types\/page"}],"author":[{"embeddable":true,"href":"https:\/\/dobrylotr.pl\/index.php\/wp-json\/wp\/v2\/users\/1"}],"replies":[{"embeddable":true,"href":"https:\/\/dobrylotr.pl\/index.php\/wp-json\/wp\/v2\/comments?post=28"}],"version-history":[{"count":4,"href":"https:\/\/dobrylotr.pl\/index.php\/wp-json\/wp\/v2\/pages\/28\/revisions"}],"predecessor-version":[{"id":302,"href":"https:\/\/dobrylotr.pl\/index.php\/wp-json\/wp\/v2\/pages\/28\/revisions\/302"}],"wp:attachment":[{"href":"https:\/\/dobrylotr.pl\/index.php\/wp-json\/wp\/v2\/media?parent=28"}],"curies":[{"name":"wp","href":"https:\/\/api.w.org\/{rel}","templated":true}]}}