{"id":31,"date":"2018-02-06T11:57:36","date_gmt":"2018-02-06T11:57:36","guid":{"rendered":"http:\/\/nowa.dobrylotr.pl\/?page_id=31"},"modified":"2018-05-12T15:24:53","modified_gmt":"2018-05-12T13:24:53","slug":"sekcja-strony-glownej","status":"publish","type":"page","link":"https:\/\/dobrylotr.pl\/index.php\/sekcja-strony-glownej\/","title":{"rendered":"Tydzie\u0144 Ewangelizacyjny"},"content":{"rendered":"<p>To jest przyk\u0142ad sekcji strony g\u0142\u00f3wnej. Sekcja ta mo\u017ce by\u0107 na dowolnej stronie opr\u00f3cz strony g\u0142\u00f3wnej, w\u0142\u0105czaj\u0105c to stron\u0119 prezentuj\u0105c\u0105 ostatnie wpisy.<\/p>\n","protected":false},"excerpt":{"rendered":"<p>To jest przyk\u0142ad sekcji strony g\u0142\u00f3wnej. Sekcja ta mo\u017ce by\u0107 na dowolnej stronie opr\u00f3cz strony g\u0142\u00f3wnej, w\u0142\u0105czaj\u0105c to stron\u0119 prezentuj\u0105c\u0105 ostatnie wpisy.<\/p>\n","protected":false},"author":1,"featured_media":0,"parent":0,"menu_order":0,"comment_status":"closed","ping_status":"closed","template":"","meta":{"footnotes":""},"class_list":["post-31","page","type-page","status-publish","hentry"],"_links":{"self":[{"href":"https:\/\/dobrylotr.pl\/index.php\/wp-json\/wp\/v2\/pages\/31","targetHints":{"allow":["GET"]}}],"collection":[{"href":"https:\/\/dobrylotr.pl\/index.php\/wp-json\/wp\/v2\/pages"}],"about":[{"href":"https:\/\/dobrylotr.pl\/index.php\/wp-json\/wp\/v2\/types\/page"}],"author":[{"embeddable":true,"href":"https:\/\/dobrylotr.pl\/index.php\/wp-json\/wp\/v2\/users\/1"}],"replies":[{"embeddable":true,"href":"https:\/\/dobrylotr.pl\/index.php\/wp-json\/wp\/v2\/comments?post=31"}],"version-history":[{"count":2,"href":"https:\/\/dobrylotr.pl\/index.php\/wp-json\/wp\/v2\/pages\/31\/revisions"}],"predecessor-version":[{"id":69,"href":"https:\/\/dobrylotr.pl\/index.php\/wp-json\/wp\/v2\/pages\/31\/revisions\/69"}],"wp:attachment":[{"href":"https:\/\/dobrylotr.pl\/index.php\/wp-json\/wp\/v2\/media?parent=31"}],"curies":[{"name":"wp","href":"https:\/\/api.w.org\/{rel}","templated":true}]}}