{"id":314,"date":"2018-10-11T17:03:34","date_gmt":"2018-10-11T15:03:34","guid":{"rendered":"http:\/\/dobrylotr.pl\/?page_id=314"},"modified":"2018-11-13T21:34:35","modified_gmt":"2018-11-13T19:34:35","slug":"alfa","status":"publish","type":"page","link":"https:\/\/dobrylotr.pl\/index.php\/kursy\/alfa\/","title":{"rendered":"Alfa"},"content":{"rendered":"<p>Spotkania, w kt\u00f3rych ju\u017c wzi\u0119\u0142o udzia\u0142 ponad 20 milion\u00f3w os\u00f3b w jednej z 84 000 Alpha prowadzonych w ponad 169 krajach.<\/p>\n<p>Alpha to seria 11 spotka\u0144, na kt\u00f3rych b\u0119dziesz mia\u0142(a) okazj\u0119 zje\u015b\u0107 dobr\u0105 kolacj\u0119, us\u0142ysze\u0107 ciekawy wyk\u0142ad oraz swobodnie podyskutowa\u0107.<\/p>\n<p>S\u0105 to spotkania dla ka\u017cdego, wierz\u0105cego, nie wierz\u0105cego, w\u0105tpi\u0105cego i zastanawiaj\u0105cego si\u0119 czy jest w \u017cyciu co\u015b wi\u0119cej.<\/p>\n<p>Przyjd\u017a i spr\u00f3buj czy jest Alpha, to nic nie kosztuje.<\/p>\n<p>Zapisz si\u0119 by\u015bmy mogli zarezerwowa\u0107 dla ciebie miejsce w ma\u0142ej grupie.<\/p>\n<p><a href=\"https:\/\/docs.google.com\/forms\/d\/e\/1FAIpQLSeResVL9jKaQ1P8KvHZzZSF8sa5F4FPfabhUXC8uwb6Ty6axA\/viewform?usp=sf_link\">Zapisz si\u0119<\/a><\/p>\n","protected":false},"excerpt":{"rendered":"<p>Spotkania, w kt\u00f3rych ju\u017c wzi\u0119\u0142o udzia\u0142 ponad 20 milion\u00f3w os\u00f3b w jednej z 84 000 Alpha prowadzonych w ponad 169 krajach. Alpha to seria 11 spotka\u0144, na kt\u00f3rych b\u0119dziesz mia\u0142(a) okazj\u0119 zje\u015b\u0107 dobr\u0105 kolacj\u0119, us\u0142ysze\u0107 ciekawy wyk\u0142ad oraz swobodnie podyskutowa\u0107. S\u0105 to spotkania dla ka\u017cdego, wierz\u0105cego, nie wierz\u0105cego, w\u0105tpi\u0105cego i [&hellip;]<\/p>\n","protected":false},"author":1,"featured_media":306,"parent":59,"menu_order":0,"comment_status":"closed","ping_status":"closed","template":"","meta":{"footnotes":""},"class_list":["post-314","page","type-page","status-publish","has-post-thumbnail","hentry"],"_links":{"self":[{"href":"https:\/\/dobrylotr.pl\/index.php\/wp-json\/wp\/v2\/pages\/314","targetHints":{"allow":["GET"]}}],"collection":[{"href":"https:\/\/dobrylotr.pl\/index.php\/wp-json\/wp\/v2\/pages"}],"about":[{"href":"https:\/\/dobrylotr.pl\/index.php\/wp-json\/wp\/v2\/types\/page"}],"author":[{"embeddable":true,"href":"https:\/\/dobrylotr.pl\/index.php\/wp-json\/wp\/v2\/users\/1"}],"replies":[{"embeddable":true,"href":"https:\/\/dobrylotr.pl\/index.php\/wp-json\/wp\/v2\/comments?post=314"}],"version-history":[{"count":1,"href":"https:\/\/dobrylotr.pl\/index.php\/wp-json\/wp\/v2\/pages\/314\/revisions"}],"predecessor-version":[{"id":315,"href":"https:\/\/dobrylotr.pl\/index.php\/wp-json\/wp\/v2\/pages\/314\/revisions\/315"}],"up":[{"embeddable":true,"href":"https:\/\/dobrylotr.pl\/index.php\/wp-json\/wp\/v2\/pages\/59"}],"wp:featuredmedia":[{"embeddable":true,"href":"https:\/\/dobrylotr.pl\/index.php\/wp-json\/wp\/v2\/media\/306"}],"wp:attachment":[{"href":"https:\/\/dobrylotr.pl\/index.php\/wp-json\/wp\/v2\/media?parent=314"}],"curies":[{"name":"wp","href":"https:\/\/api.w.org\/{rel}","templated":true}]}}