{"id":317,"date":"2018-10-11T17:13:19","date_gmt":"2018-10-11T15:13:19","guid":{"rendered":"http:\/\/dobrylotr.pl\/?page_id=317"},"modified":"2018-10-11T17:13:58","modified_gmt":"2018-10-11T15:13:58","slug":"kurs-mojzesz","status":"publish","type":"page","link":"https:\/\/dobrylotr.pl\/index.php\/kurs-mojzesz\/","title":{"rendered":"Kurs Moj\u017cesz"},"content":{"rendered":"<p>\u015aledz\u0105c \u017cycie Moj\u017cesza mo\u017cesz zobaczy\u0107 samego siebie i nauczy\u0107 si\u0119, jak radzi\u0107 sobie w trudnych sytuacjach i wychodzi\u0107 \u201epoza pustyni\u0119\u201d. Kurs ukazuje, jak sta\u0107 si\u0119 liderem otwartym na plan Bo\u017cy i pracuj\u0105cym we wsp\u00f3lnocie przyjaci\u00f3\u0142. Liderem, kt\u00f3ry sam b\u0119d\u0105c wolny, mo\u017ce uwalnia\u0107 sw\u00f3j lud z niewoli i prowadzi\u0107 go ku ziemi obiecanej.<\/p>\n","protected":false},"excerpt":{"rendered":"<p>\u015aledz\u0105c \u017cycie Moj\u017cesza mo\u017cesz zobaczy\u0107 samego siebie i nauczy\u0107 si\u0119, jak radzi\u0107 sobie w trudnych sytuacjach i wychodzi\u0107 \u201epoza pustyni\u0119\u201d. Kurs ukazuje, jak sta\u0107 si\u0119 liderem otwartym na plan Bo\u017cy i pracuj\u0105cym we wsp\u00f3lnocie przyjaci\u00f3\u0142. Liderem, kt\u00f3ry sam b\u0119d\u0105c wolny, mo\u017ce uwalnia\u0107 sw\u00f3j lud z niewoli i prowadzi\u0107 go ku [&hellip;]<\/p>\n","protected":false},"author":1,"featured_media":261,"parent":0,"menu_order":0,"comment_status":"closed","ping_status":"closed","template":"","meta":{"footnotes":""},"class_list":["post-317","page","type-page","status-publish","has-post-thumbnail","hentry"],"_links":{"self":[{"href":"https:\/\/dobrylotr.pl\/index.php\/wp-json\/wp\/v2\/pages\/317","targetHints":{"allow":["GET"]}}],"collection":[{"href":"https:\/\/dobrylotr.pl\/index.php\/wp-json\/wp\/v2\/pages"}],"about":[{"href":"https:\/\/dobrylotr.pl\/index.php\/wp-json\/wp\/v2\/types\/page"}],"author":[{"embeddable":true,"href":"https:\/\/dobrylotr.pl\/index.php\/wp-json\/wp\/v2\/users\/1"}],"replies":[{"embeddable":true,"href":"https:\/\/dobrylotr.pl\/index.php\/wp-json\/wp\/v2\/comments?post=317"}],"version-history":[{"count":1,"href":"https:\/\/dobrylotr.pl\/index.php\/wp-json\/wp\/v2\/pages\/317\/revisions"}],"predecessor-version":[{"id":318,"href":"https:\/\/dobrylotr.pl\/index.php\/wp-json\/wp\/v2\/pages\/317\/revisions\/318"}],"wp:featuredmedia":[{"embeddable":true,"href":"https:\/\/dobrylotr.pl\/index.php\/wp-json\/wp\/v2\/media\/261"}],"wp:attachment":[{"href":"https:\/\/dobrylotr.pl\/index.php\/wp-json\/wp\/v2\/media?parent=317"}],"curies":[{"name":"wp","href":"https:\/\/api.w.org\/{rel}","templated":true}]}}