{"id":331,"date":"2018-10-31T19:19:19","date_gmt":"2018-10-31T17:19:19","guid":{"rendered":"http:\/\/dobrylotr.pl\/?page_id=331"},"modified":"2020-08-26T10:13:12","modified_gmt":"2020-08-26T08:13:12","slug":"szkola-odpowiedzialnych","status":"publish","type":"page","link":"https:\/\/dobrylotr.pl\/index.php\/animatorzy\/szkola-odpowiedzialnych\/","title":{"rendered":"Szko\u0142a Odpowiedzialnych"},"content":{"rendered":"<p><strong>V modu\u0142:<\/strong><\/p>\n<p>Spotkanie odb\u0119dzie si\u0119 w Centrum Formacji Sieci Dobrego \u0141otra (Kazimierz\u00f3wka ul. G\u0142\u00f3wna 16 Radom), na \u017cywo. Oczywi\u015bcie zadbamy o wszelkie \u015brodki ostrozno\u015bci.<\/p>\n<p><strong>Data:<\/strong><br \/>\n29 sierpnia<\/p>\n<p><strong>Sobota:<\/strong><br \/>\n8:30 &#8211; 17:30<\/p>\n<p><strong>Koszt uczestnictwa:<\/strong><br \/>\n35 z\u0142<\/p>\n<p>Bank BG\u017b<br \/>\n54 2030 0045 1110 0000 0278 1190<br \/>\nFundacja Dobrego \u0141otra<br \/>\nul. G\u0142\u00f3wna 16<br \/>\n26-600 Radom<\/p>\n<p>Tytu\u0142em: Szko\u0142a Odpowiedzialnych V modu\u0142 (imi\u0119 i nazwisko osoby zapisywanej).<\/p>\n<p>&nbsp;<\/p>\n<p>Zapisy do 25.08 (wtorek).<\/p>\n<h3 style=\"text-align: center;\"><b>Zapisy zamkni\u0119te.<\/b><\/h3>\n","protected":false},"excerpt":{"rendered":"<p>V modu\u0142: Spotkanie odb\u0119dzie si\u0119 w Centrum Formacji Sieci Dobrego \u0141otra (Kazimierz\u00f3wka ul. G\u0142\u00f3wna 16 Radom), na \u017cywo. Oczywi\u015bcie zadbamy o wszelkie \u015brodki ostrozno\u015bci. Data: 29 sierpnia Sobota: 8:30 &#8211; 17:30 Koszt uczestnictwa: 35 z\u0142 Bank BG\u017b 54 2030 0045 1110 0000 0278 1190 Fundacja Dobrego \u0141otra ul. G\u0142\u00f3wna 16 [&hellip;]<\/p>\n","protected":false},"author":1,"featured_media":0,"parent":189,"menu_order":0,"comment_status":"closed","ping_status":"closed","template":"","meta":{"footnotes":""},"class_list":["post-331","page","type-page","status-publish","hentry"],"_links":{"self":[{"href":"https:\/\/dobrylotr.pl\/index.php\/wp-json\/wp\/v2\/pages\/331","targetHints":{"allow":["GET"]}}],"collection":[{"href":"https:\/\/dobrylotr.pl\/index.php\/wp-json\/wp\/v2\/pages"}],"about":[{"href":"https:\/\/dobrylotr.pl\/index.php\/wp-json\/wp\/v2\/types\/page"}],"author":[{"embeddable":true,"href":"https:\/\/dobrylotr.pl\/index.php\/wp-json\/wp\/v2\/users\/1"}],"replies":[{"embeddable":true,"href":"https:\/\/dobrylotr.pl\/index.php\/wp-json\/wp\/v2\/comments?post=331"}],"version-history":[{"count":15,"href":"https:\/\/dobrylotr.pl\/index.php\/wp-json\/wp\/v2\/pages\/331\/revisions"}],"predecessor-version":[{"id":948,"href":"https:\/\/dobrylotr.pl\/index.php\/wp-json\/wp\/v2\/pages\/331\/revisions\/948"}],"up":[{"embeddable":true,"href":"https:\/\/dobrylotr.pl\/index.php\/wp-json\/wp\/v2\/pages\/189"}],"wp:attachment":[{"href":"https:\/\/dobrylotr.pl\/index.php\/wp-json\/wp\/v2\/media?parent=331"}],"curies":[{"name":"wp","href":"https:\/\/api.w.org\/{rel}","templated":true}]}}