{"id":376,"date":"2018-12-27T14:40:50","date_gmt":"2018-12-27T12:40:50","guid":{"rendered":"http:\/\/dobrylotr.pl\/?page_id=376"},"modified":"2018-12-27T17:25:39","modified_gmt":"2018-12-27T15:25:39","slug":"kurs-dobrego-lotra-lectio-divina","status":"publish","type":"page","link":"https:\/\/dobrylotr.pl\/index.php\/kurs-dobrego-lotra-lectio-divina\/","title":{"rendered":"Kurs Dobrego \u0141otra &#8211; Lectio Divina"},"content":{"rendered":"<p><strong>Termin: 11 &#8211; 13 stycznia 2019r.<\/strong><\/p>\n<p>Pi\u0105tek:<br \/>\n17:30 &#8211; recepcja<br \/>\n18:00 &#8211; Msza \u015aw.<br \/>\noko\u0142o 21:00 &#8211; zako\u0144czenie<\/p>\n<p>Sobota:<br \/>\n8:30 &#8211; rozpocz\u0119cie<br \/>\n20:00 &#8211; zako\u0144czenie<\/p>\n<p>Niedziela:<br \/>\n8:30 &#8211; rozpocz\u0119cie<br \/>\n13:00 &#8211; zako\u0144czenie<\/p>\n<p>&nbsp;<\/p>\n<p><strong>Miejsce:<\/strong><br \/>\nO\u015brodek Szko\u0142y Nowej Ewangelizacji &#8222;Kazimierz\u00f3wka&#8221;<br \/>\nul. G\u0142\u00f3wna 16, Radom<\/p>\n<p>Link do mapy:\u00a0<a href=\"https:\/\/goo.gl\/maps\/TTTFP4Fzzny\">https:\/\/goo.gl\/maps\/TTTFP4Fzzny<\/a><\/p>\n<p>&nbsp;<\/p>\n<p><strong>Koszt:<\/strong><\/p>\n<p>Koszt kursu to 100z\u0142 za osob\u0119.<br \/>\n*koszt obejmuje materia\u0142y dydaktyczne oraz wy\u017cywienie (\u015bniadanie sobota &#8211; niedziela, obiad sobota &#8211; niedziela, kolacja pi\u0105tek &#8211; sobota).<\/p>\n<p>&nbsp;<\/p>\n<p><strong>Wp\u0142aty przelewem na konto:<\/strong><\/p>\n<p>Bank BG\u017b<\/p>\n<p>54 2030 0045 1110 0000 0278 1190<\/p>\n<p>Fundacja Dobrego \u0141otra<\/p>\n<p>ul. G\u0142\u00f3wna 16<\/p>\n<p>26-600 Radom<\/p>\n<p>W tytule prosz\u0119 poda\u0107: Darowizna na cele statutowe oraz imi\u0119 i nazwisko osoby zapisywanej.<\/p>\n<p>&nbsp;<\/p>\n<p><strong>Kontakt:<\/strong><\/p>\n<p>sne@dobrylotr.pl<\/p>\n<p>tel. 578 910 452<\/p>\n<p style=\"text-align: center;\"><a href=\"https:\/\/docs.google.com\/forms\/d\/e\/1FAIpQLSfObpGNePfz76J-TP3vhGng14CEY0uEOxgrljPY0Y8UdqIcbQ\/viewform?usp=sf_link\">Formularz zapis\u00f3w<\/a><\/p>\n","protected":false},"excerpt":{"rendered":"<p>Termin: 11 &#8211; 13 stycznia 2019r. Pi\u0105tek: 17:30 &#8211; recepcja 18:00 &#8211; Msza \u015aw. oko\u0142o 21:00 &#8211; zako\u0144czenie Sobota: 8:30 &#8211; rozpocz\u0119cie 20:00 &#8211; zako\u0144czenie Niedziela: 8:30 &#8211; rozpocz\u0119cie 13:00 &#8211; zako\u0144czenie &nbsp; Miejsce: O\u015brodek Szko\u0142y Nowej Ewangelizacji &#8222;Kazimierz\u00f3wka&#8221; ul. G\u0142\u00f3wna 16, Radom Link do mapy:\u00a0https:\/\/goo.gl\/maps\/TTTFP4Fzzny &nbsp; Koszt: Koszt kursu [&hellip;]<\/p>\n","protected":false},"author":1,"featured_media":0,"parent":0,"menu_order":0,"comment_status":"closed","ping_status":"closed","template":"","meta":{"footnotes":""},"class_list":["post-376","page","type-page","status-publish","hentry"],"_links":{"self":[{"href":"https:\/\/dobrylotr.pl\/index.php\/wp-json\/wp\/v2\/pages\/376","targetHints":{"allow":["GET"]}}],"collection":[{"href":"https:\/\/dobrylotr.pl\/index.php\/wp-json\/wp\/v2\/pages"}],"about":[{"href":"https:\/\/dobrylotr.pl\/index.php\/wp-json\/wp\/v2\/types\/page"}],"author":[{"embeddable":true,"href":"https:\/\/dobrylotr.pl\/index.php\/wp-json\/wp\/v2\/users\/1"}],"replies":[{"embeddable":true,"href":"https:\/\/dobrylotr.pl\/index.php\/wp-json\/wp\/v2\/comments?post=376"}],"version-history":[{"count":3,"href":"https:\/\/dobrylotr.pl\/index.php\/wp-json\/wp\/v2\/pages\/376\/revisions"}],"predecessor-version":[{"id":380,"href":"https:\/\/dobrylotr.pl\/index.php\/wp-json\/wp\/v2\/pages\/376\/revisions\/380"}],"wp:attachment":[{"href":"https:\/\/dobrylotr.pl\/index.php\/wp-json\/wp\/v2\/media?parent=376"}],"curies":[{"name":"wp","href":"https:\/\/api.w.org\/{rel}","templated":true}]}}