{"id":388,"date":"2019-01-22T15:20:50","date_gmt":"2019-01-22T13:20:50","guid":{"rendered":"http:\/\/dobrylotr.pl\/?page_id=388"},"modified":"2019-01-22T16:47:49","modified_gmt":"2019-01-22T14:47:49","slug":"kurs-tymoteusz","status":"publish","type":"page","link":"https:\/\/dobrylotr.pl\/index.php\/kursy\/kurs-tymoteusz\/","title":{"rendered":"Kurs Tymoteusz"},"content":{"rendered":"<p><strong>Termin: 9 &#8211; 10 lutego 2019r.<\/strong><\/p>\n<p>Sobota:<br \/>\n08:30 &#8211; recepcja<br \/>\noko\u0142o 20:00 &#8211; zako\u0144czenie<\/p>\n<p>Niedziela:<br \/>\n8:30 &#8211; rozpocz\u0119cie<br \/>\n13:00 &#8211; Obiad, zako\u0144czenie<\/p>\n<p><strong>Miejsce:<\/strong><br \/>\nO\u015brodek Szko\u0142y Nowej Ewangelizacji &#8222;Kazimierz\u00f3wka&#8221;<br \/>\nul. G\u0142\u00f3wna 16, Radom<\/p>\n<p>Link do mapy:\u00a0<a href=\"https:\/\/goo.gl\/maps\/TTTFP4Fzzny\">https:\/\/goo.gl\/maps\/TTTFP4Fzzny<\/a><\/p>\n<p><strong>Koszt:<\/strong><\/p>\n<p>Koszt kursu to 80z\u0142 za osob\u0119.<br \/>\n*koszt obejmuje materia\u0142y dydaktyczne<br \/>\noraz<br \/>\nwy\u017cywienie<br \/>\nsobota &#8211; obiad, kolacja<br \/>\nniedziela &#8211; \u015bniadanie, obiad<\/p>\n<p>&nbsp;<\/p>\n<p><strong>Wp\u0142aty przelewem na konto:<\/strong><\/p>\n<p>Bank BG\u017b<\/p>\n<p>54 2030 0045 1110 0000 0278 1190<\/p>\n<p>Fundacja Dobrego \u0141otra<\/p>\n<p>ul. G\u0142\u00f3wna 16, 26-600 Radom<\/p>\n<p>W tytule prosz\u0119 poda\u0107: &#8222;kurs Tymoteusz oraz imi\u0119 i nazwisko osoby zapisywanej&#8221;.<\/p>\n<p>Aby dosta\u0107 si\u0119 na list\u0119 uczestnik\u00f3w kursu nale\u017cy wp\u0142aci\u0107 ca\u0142o\u015b\u0107 lub zaliczk\u0119 w wysoko\u015bci 50z\u0142.<\/p>\n<p>&nbsp;<\/p>\n<p><strong>Kontakt:<\/strong><\/p>\n<p>sne@dobrylotr.pl<\/p>\n<p>tel. 578 910 452<\/p>\n<p style=\"text-align: center;\"><a href=\"https:\/\/docs.google.com\/forms\/d\/e\/1FAIpQLScTeKvq1eo-z84Ikg2CXznZW_cxja4tJzakcWVSwD6WI-0B4A\/viewform?usp=sf_link\" target=\"_blank\" rel=\"noopener\">Formularz zapis\u00f3w<\/a><\/p>\n","protected":false},"excerpt":{"rendered":"<p>Termin: 9 &#8211; 10 lutego 2019r. Sobota: 08:30 &#8211; recepcja oko\u0142o 20:00 &#8211; zako\u0144czenie Niedziela: 8:30 &#8211; rozpocz\u0119cie 13:00 &#8211; Obiad, zako\u0144czenie Miejsce: O\u015brodek Szko\u0142y Nowej Ewangelizacji &#8222;Kazimierz\u00f3wka&#8221; ul. G\u0142\u00f3wna 16, Radom Link do mapy:\u00a0https:\/\/goo.gl\/maps\/TTTFP4Fzzny Koszt: Koszt kursu to 80z\u0142 za osob\u0119. *koszt obejmuje materia\u0142y dydaktyczne oraz wy\u017cywienie sobota &#8211; [&hellip;]<\/p>\n","protected":false},"author":1,"featured_media":0,"parent":59,"menu_order":0,"comment_status":"closed","ping_status":"closed","template":"","meta":{"footnotes":""},"class_list":["post-388","page","type-page","status-publish","hentry"],"_links":{"self":[{"href":"https:\/\/dobrylotr.pl\/index.php\/wp-json\/wp\/v2\/pages\/388","targetHints":{"allow":["GET"]}}],"collection":[{"href":"https:\/\/dobrylotr.pl\/index.php\/wp-json\/wp\/v2\/pages"}],"about":[{"href":"https:\/\/dobrylotr.pl\/index.php\/wp-json\/wp\/v2\/types\/page"}],"author":[{"embeddable":true,"href":"https:\/\/dobrylotr.pl\/index.php\/wp-json\/wp\/v2\/users\/1"}],"replies":[{"embeddable":true,"href":"https:\/\/dobrylotr.pl\/index.php\/wp-json\/wp\/v2\/comments?post=388"}],"version-history":[{"count":2,"href":"https:\/\/dobrylotr.pl\/index.php\/wp-json\/wp\/v2\/pages\/388\/revisions"}],"predecessor-version":[{"id":393,"href":"https:\/\/dobrylotr.pl\/index.php\/wp-json\/wp\/v2\/pages\/388\/revisions\/393"}],"up":[{"embeddable":true,"href":"https:\/\/dobrylotr.pl\/index.php\/wp-json\/wp\/v2\/pages\/59"}],"wp:attachment":[{"href":"https:\/\/dobrylotr.pl\/index.php\/wp-json\/wp\/v2\/media?parent=388"}],"curies":[{"name":"wp","href":"https:\/\/api.w.org\/{rel}","templated":true}]}}