{"id":586,"date":"2020-01-29T13:34:22","date_gmt":"2020-01-29T11:34:22","guid":{"rendered":"http:\/\/dobrylotr.pl\/?page_id=586"},"modified":"2023-05-08T18:30:02","modified_gmt":"2023-05-08T16:30:02","slug":"kurs-historia-zbawienia-zapisy","status":"publish","type":"page","link":"https:\/\/dobrylotr.pl\/index.php\/kurs-historia-zbawienia-zapisy\/","title":{"rendered":"Kurs Historia Zbawienia 11 &#8211; 14 maja 2023r."},"content":{"rendered":"<p><strong><img loading=\"lazy\" decoding=\"async\" src=\"https:\/\/dobrylotr.pl\/wp-content\/uploads\/2019\/05\/historia-zbawienia-295x300.png\" alt=\"\" width=\"295\" height=\"300\" class=\"size-medium wp-image-433 alignright\" srcset=\"https:\/\/dobrylotr.pl\/wp-content\/uploads\/2019\/05\/historia-zbawienia-295x300.png 295w, https:\/\/dobrylotr.pl\/wp-content\/uploads\/2019\/05\/historia-zbawienia.png 700w\" sizes=\"auto, (max-width: 295px) 100vw, 295px\" \/>Termin:<br \/>\n<\/strong>11 &#8211; 14 maja 2023r.<br \/>\nRozpocz\u0119cie: Czwartek 17:30 &#8211; recepcja<br \/>\nZako\u0144czenie: Niedziela oko\u0142o 15:00<\/p>\n<p>&nbsp;<\/p>\n<p><strong>Miejsce:<br \/>\n<\/strong>Diecezjalna Szko\u0142a Nowej Ewangelizacji \u015bw. Dobrego \u0141otra<br \/>\nul. G\u0142\u00f3wna 16, 26-600 Rdaom<br \/>\no\u015brodek &#8222;Kazimierz\u00f3wka&#8221; przy ko\u015bciele \u015bw. Kazimierza o\u015b. Zam\u0142ynie<\/p>\n<p>Wej\u015bcie do o\u015brodka znajduje si\u0119 od strony ulicy G\u0142\u00f3wnej, 100 m w d\u00f3\u0142 ulicy od parkingu przy ko\u015bciele. O\u015brodek znajduje si\u0119 pod ko\u015bcio\u0142em.<\/p>\n<p><iframe loading=\"lazy\" width=\"400\" height=\"300\" style=\"border: 0;\" src=\"https:\/\/www.google.com\/maps\/embed?pb=!1m18!1m12!1m3!1d2488.9330424782383!2d21.122418215293454!3d51.40428497961823!2m3!1f0!2f0!3f0!3m2!1i1024!2i768!4f13.1!3m3!1m2!1s0x47185939620860f7%3A0xeb30d5fc54440e39!2sSzko%C5%82a%20Nowej%20Ewangelizacji%20%C5%9Bw.%20Dobrego%20%C5%81otra!5e0!3m2!1spl!2spl!4v1580296517449!5m2!1spl!2spl\" frameborder=\"0\" allowfullscreen=\"allowfullscreen\"><\/iframe><\/p>\n<p>&nbsp;<\/p>\n<p><strong>Koszt:<br \/>\n<\/strong>250z\u0142<\/p>\n<p>*cena zawiera wy\u017cywienie(pi\u0105tek\/sobota &#8211; obiad i kolacj\u0119, niedziela &#8211; obiad), materia\u0142y dydaktyczne, utrzymanie o\u015brodka oraz pyszn\u0105 kaw\u0119 i herbat\u0119 we wszystkich przerwach.<\/p>\n<p>*do wpisania na list\u0119 uczestnik\u00f3w kursu poza wype\u0142nieniem formularza, wymagane jest wp\u0142acenie zaliczki w wysoko\u015bci 150z\u0142 lub ca\u0142o\u015bci kwoty 250z\u0142.<\/p>\n<p>Bank BG\u017b<br \/>\n54 2030 0045 1110 0000 0278 1190<br \/>\nFundacja Dobrego \u0141otra<br \/>\nul. G\u0142\u00f3wna 16<br \/>\n26-600 Radom<br \/>\nW tytule prosz\u0119 poda\u0107: kurs Historia Zbawienia oraz imi\u0119 i nazwisko osoby zapisywanej.<\/p>\n<p><strong>Uwagi:<\/strong><\/p>\n<ul>\n<li><span>kurs przeznaczony dla os\u00f3b pe\u0142noletnich<\/span><\/li>\n<li>wymagane uczestnictwo w kursach: Nowe \u017bycie, Emaus<\/li>\n<li>kurs jest dochodzony, ewentualne noclegi we w\u0142asnym zakresie<\/li>\n<li>nale\u017cy by\u0107 na ca\u0142ym kursie<\/li>\n<li>w przypadku rezygnacji zaliczka nie jest zwracana<\/li>\n<li>zabierz ze sob\u0105 swoje Pismo \u015awi\u0119te, Starego i Nowego Testamentu<\/li>\n<li>zabierz ze sob\u0105 notatnik oraz d\u0142ugopis<\/li>\n<li>termin zapis\u00f3w do 7 maja 2023r.<\/li>\n<li>kontakt: sne@dobrylotr.pl lub <span>578 910 452<\/span><\/li>\n<\/ul>\n<h3 style=\"text-align: center;\"><strong>Zapisy\u00a0<\/strong><b>zako\u0144czone.<\/b><\/h3>\n","protected":false},"excerpt":{"rendered":"<p>Termin: 11 &#8211; 14 maja 2023r. Rozpocz\u0119cie: Czwartek 17:30 &#8211; recepcja Zako\u0144czenie: Niedziela oko\u0142o 15:00 &nbsp; Miejsce: Diecezjalna Szko\u0142a Nowej Ewangelizacji \u015bw. Dobrego \u0141otra ul. G\u0142\u00f3wna 16, 26-600 Rdaom o\u015brodek &#8222;Kazimierz\u00f3wka&#8221; przy ko\u015bciele \u015bw. Kazimierza o\u015b. Zam\u0142ynie Wej\u015bcie do o\u015brodka znajduje si\u0119 od strony ulicy G\u0142\u00f3wnej, 100 m w d\u00f3\u0142 [&hellip;]<\/p>\n","protected":false},"author":1,"featured_media":433,"parent":0,"menu_order":0,"comment_status":"closed","ping_status":"closed","template":"","meta":{"footnotes":""},"class_list":["post-586","page","type-page","status-publish","has-post-thumbnail","hentry"],"_links":{"self":[{"href":"https:\/\/dobrylotr.pl\/index.php\/wp-json\/wp\/v2\/pages\/586","targetHints":{"allow":["GET"]}}],"collection":[{"href":"https:\/\/dobrylotr.pl\/index.php\/wp-json\/wp\/v2\/pages"}],"about":[{"href":"https:\/\/dobrylotr.pl\/index.php\/wp-json\/wp\/v2\/types\/page"}],"author":[{"embeddable":true,"href":"https:\/\/dobrylotr.pl\/index.php\/wp-json\/wp\/v2\/users\/1"}],"replies":[{"embeddable":true,"href":"https:\/\/dobrylotr.pl\/index.php\/wp-json\/wp\/v2\/comments?post=586"}],"version-history":[{"count":9,"href":"https:\/\/dobrylotr.pl\/index.php\/wp-json\/wp\/v2\/pages\/586\/revisions"}],"predecessor-version":[{"id":1400,"href":"https:\/\/dobrylotr.pl\/index.php\/wp-json\/wp\/v2\/pages\/586\/revisions\/1400"}],"wp:featuredmedia":[{"embeddable":true,"href":"https:\/\/dobrylotr.pl\/index.php\/wp-json\/wp\/v2\/media\/433"}],"wp:attachment":[{"href":"https:\/\/dobrylotr.pl\/index.php\/wp-json\/wp\/v2\/media?parent=586"}],"curies":[{"name":"wp","href":"https:\/\/api.w.org\/{rel}","templated":true}]}}