{"id":59,"date":"2018-05-11T18:41:21","date_gmt":"2018-05-11T16:41:21","guid":{"rendered":"http:\/\/nowa.dobrylotr.pl\/?page_id=59"},"modified":"2018-05-18T14:30:25","modified_gmt":"2018-05-18T12:30:25","slug":"kursy","status":"publish","type":"page","link":"https:\/\/dobrylotr.pl\/index.php\/kursy\/","title":{"rendered":"Kursy"},"content":{"rendered":"<p>Idee <strong>Szko\u0142y Nowej Ewangelizacji <\/strong>s\u0105 praktyczn\u0105 odpowiedzi\u0105 na wezwanie Jezusa Chrystusa do g\u0142oszenia Ewangelii oraz wezwanie S\u0142ugi Bo\u017cego, papie\u017ca Jana Paw\u0142a II do podj\u0119cia dzie\u0142a Nowej Ewangelizacji.<\/p>\n<p>Pierwsze Szko\u0142y Nowej Ewangelizacji pojawi\u0142y si\u0119 w latach 80 i bardzo szybko pomno\u017cy\u0142y si\u0119 w \u015bwiecie. Swymi korzeniami tkwi\u0105 w ruchach ko\u015bcielnych i stowarzyszeniach. Powstaj\u0105 na bazie osobistego do\u015bwiadczenia wiary i powo\u0142ania do ewangelizacji.<\/p>\n<p>Wszystkie Szko\u0142y Nowej Ewangelizacji (SNE) maja bardzo podobne priorytety, nale\u017c\u0105 do nich:<br \/>\n&#8211; ewangelizacja poprzez \u015bwiadectwo<br \/>\n&#8211; g\u0142oszenie S\u0142owa Bo\u017cego oraz formacje do ewangelizacji<br \/>\n&#8211; umi\u0142owanie S\u0142owa Bo\u017cego<br \/>\n&#8211; umi\u0142owanie Eucharystii<br \/>\n&#8211; otwarto\u015b\u0107 na Dary Ducha \u015awi\u0119tego<br \/>\n&#8211; wsp\u00f3lnota<br \/>\n&#8211; troska o jedno\u015b\u0107 z Ko\u015bcio\u0142em i bycie pos\u0142anym<br \/>\n&#8211; ekumenizm<\/p>\n","protected":false},"excerpt":{"rendered":"<p>Idee Szko\u0142y Nowej Ewangelizacji s\u0105 praktyczn\u0105 odpowiedzi\u0105 na wezwanie Jezusa Chrystusa do g\u0142oszenia Ewangelii oraz wezwanie S\u0142ugi Bo\u017cego, papie\u017ca Jana Paw\u0142a II do podj\u0119cia dzie\u0142a Nowej Ewangelizacji. Pierwsze Szko\u0142y Nowej Ewangelizacji pojawi\u0142y si\u0119 w latach 80 i bardzo szybko pomno\u017cy\u0142y si\u0119 w \u015bwiecie. Swymi korzeniami tkwi\u0105 w ruchach ko\u015bcielnych i [&hellip;]<\/p>\n","protected":false},"author":1,"featured_media":0,"parent":0,"menu_order":0,"comment_status":"closed","ping_status":"closed","template":"","meta":{"footnotes":""},"class_list":["post-59","page","type-page","status-publish","hentry"],"_links":{"self":[{"href":"https:\/\/dobrylotr.pl\/index.php\/wp-json\/wp\/v2\/pages\/59","targetHints":{"allow":["GET"]}}],"collection":[{"href":"https:\/\/dobrylotr.pl\/index.php\/wp-json\/wp\/v2\/pages"}],"about":[{"href":"https:\/\/dobrylotr.pl\/index.php\/wp-json\/wp\/v2\/types\/page"}],"author":[{"embeddable":true,"href":"https:\/\/dobrylotr.pl\/index.php\/wp-json\/wp\/v2\/users\/1"}],"replies":[{"embeddable":true,"href":"https:\/\/dobrylotr.pl\/index.php\/wp-json\/wp\/v2\/comments?post=59"}],"version-history":[{"count":9,"href":"https:\/\/dobrylotr.pl\/index.php\/wp-json\/wp\/v2\/pages\/59\/revisions"}],"predecessor-version":[{"id":137,"href":"https:\/\/dobrylotr.pl\/index.php\/wp-json\/wp\/v2\/pages\/59\/revisions\/137"}],"wp:attachment":[{"href":"https:\/\/dobrylotr.pl\/index.php\/wp-json\/wp\/v2\/media?parent=59"}],"curies":[{"name":"wp","href":"https:\/\/api.w.org\/{rel}","templated":true}]}}