{"id":63,"date":"2018-05-11T18:55:25","date_gmt":"2018-05-11T18:55:25","guid":{"rendered":"http:\/\/nowa.dobrylotr.pl\/?page_id=63"},"modified":"2019-10-10T11:10:25","modified_gmt":"2019-10-10T09:10:25","slug":"wesprzyj-nas","status":"publish","type":"page","link":"https:\/\/dobrylotr.pl\/index.php\/wesprzyj-nas\/","title":{"rendered":"Wesprzyj nas"},"content":{"rendered":"<p>Przy naszej Szkole Nowej Ewangelizacji \u015bw. Dobrego \u0141otra dzia\u0142a Fundacja Dobrego \u0141otra, kt\u00f3ra umo\u017cliwia nam ewangelizacj\u0119 na szersz\u0105 skal\u0119. Dzi\u0119ki temu jeste\u015bmy w stanie organizowa\u0107 kursy i akcje ewangelizacyjne przez kt\u00f3re docieramy z dobr\u0105 nowin\u0105 do ka\u017cdego cz\u0142owieka. Chcemy r\u00f3wnie\u017c formowa\u0107 ewangelizator\u00f3w oraz formator\u00f3w ewangelizator\u00f3w.<\/p>\n<p style=\"text-align: justify;\">Je\u015bli czujesz pragnienie wsparcia dzia\u0142alno\u015bci Szko\u0142y Nowej Ewangelizacji \u015bw. Dobrego \u0141otra to b\u0119dziemy wdzi\u0119czni na okazane wsparcie, kt\u00f3re umo\u017cliwi nam tak\u0105 dzia\u0142alno\u015b\u0107.<\/p>\n<p><em>&#8222;Ka\u017cdy niech przeto post\u0105pi tak, jak mu nakazuje jego w\u0142asne serce, nie \u017ca\u0142uj\u0105c i nie czuj\u0105c si\u0119 przymuszonym, albowiem radosnego dawc\u0119 mi\u0142uje B\u00f3g&#8221; 2 Kor 9,7<\/em><\/p>\n<p>Bank BG\u017b<\/p>\n<p>54 2030 0045 1110 0000 0278 1190<\/p>\n<p>Fundacja Dobrego \u0141otra<\/p>\n<p>ul. G\u0142\u00f3wna 16<\/p>\n<p>26-600 Radom<\/p>\n<p>Tytu\u0142em: Darowizna na cele statutowe<\/p>\n","protected":false},"excerpt":{"rendered":"<p>Przy naszej Szkole Nowej Ewangelizacji \u015bw. Dobrego \u0141otra dzia\u0142a Fundacja Dobrego \u0141otra, kt\u00f3ra umo\u017cliwia nam ewangelizacj\u0119 na szersz\u0105 skal\u0119. Dzi\u0119ki temu jeste\u015bmy w stanie organizowa\u0107 kursy i akcje ewangelizacyjne przez kt\u00f3re docieramy z dobr\u0105 nowin\u0105 do ka\u017cdego cz\u0142owieka. Chcemy r\u00f3wnie\u017c formowa\u0107 ewangelizator\u00f3w oraz formator\u00f3w ewangelizator\u00f3w. Je\u015bli czujesz pragnienie wsparcia dzia\u0142alno\u015bci [&hellip;]<\/p>\n","protected":false},"author":1,"featured_media":0,"parent":0,"menu_order":0,"comment_status":"closed","ping_status":"closed","template":"","meta":{"footnotes":""},"class_list":["post-63","page","type-page","status-publish","hentry"],"_links":{"self":[{"href":"https:\/\/dobrylotr.pl\/index.php\/wp-json\/wp\/v2\/pages\/63","targetHints":{"allow":["GET"]}}],"collection":[{"href":"https:\/\/dobrylotr.pl\/index.php\/wp-json\/wp\/v2\/pages"}],"about":[{"href":"https:\/\/dobrylotr.pl\/index.php\/wp-json\/wp\/v2\/types\/page"}],"author":[{"embeddable":true,"href":"https:\/\/dobrylotr.pl\/index.php\/wp-json\/wp\/v2\/users\/1"}],"replies":[{"embeddable":true,"href":"https:\/\/dobrylotr.pl\/index.php\/wp-json\/wp\/v2\/comments?post=63"}],"version-history":[{"count":6,"href":"https:\/\/dobrylotr.pl\/index.php\/wp-json\/wp\/v2\/pages\/63\/revisions"}],"predecessor-version":[{"id":507,"href":"https:\/\/dobrylotr.pl\/index.php\/wp-json\/wp\/v2\/pages\/63\/revisions\/507"}],"wp:attachment":[{"href":"https:\/\/dobrylotr.pl\/index.php\/wp-json\/wp\/v2\/media?parent=63"}],"curies":[{"name":"wp","href":"https:\/\/api.w.org\/{rel}","templated":true}]}}