{"id":636,"date":"2020-03-17T16:07:13","date_gmt":"2020-03-17T15:07:13","guid":{"rendered":"http:\/\/dobrylotr.pl\/?page_id=636"},"modified":"2020-03-27T19:33:37","modified_gmt":"2020-03-27T18:33:37","slug":"nowenna-do-sw-dobrego-lotra-sw-dyzma","status":"publish","type":"page","link":"https:\/\/dobrylotr.pl\/index.php\/patron-dobry-lotr\/nowenna-do-sw-dobrego-lotra-sw-dyzma\/","title":{"rendered":"Nowenna do \u015bw. Dobrego \u0141otra (\u015bw. Dyzma)"},"content":{"rendered":"<p><span><strong><img loading=\"lazy\" decoding=\"async\" src=\"https:\/\/dobrylotr.pl\/wp-content\/uploads\/2020\/03\/dobry-\u0142otr-113x300.jpg\" alt=\"\" width=\"113\" height=\"300\" class=\"size-medium wp-image-640 alignright\" srcset=\"https:\/\/dobrylotr.pl\/wp-content\/uploads\/2020\/03\/dobry-\u0142otr-113x300.jpg 113w, https:\/\/dobrylotr.pl\/wp-content\/uploads\/2020\/03\/dobry-\u0142otr.jpg 192w\" sizes=\"auto, (max-width: 113px) 100vw, 113px\" \/>26 marca Ko\u015bci\u00f3\u0142 wspomina pierwszego cz\u0142owieka, kt\u00f3ry by\u0142 kanonizowany przez samego Jezusa Chrystusa \u2013 \u015bw. Dyzm\u0119.<\/strong><\/span><\/p>\n<p>Pro\u015bmy go szczeg\u00f3lnie o \u0142ask\u0119 skruchy.<\/p>\n<p><span>Nowenna za przyczyn\u0105 Dobrego \u0141otra \u015bw. Dyzmy<\/span><\/p>\n<p><span>Dzie\u0144 I<\/span><\/p>\n<p><span>Pokorny \u0141otrze, ty, kt\u00f3ry okaza\u0142e\u015b boja\u017a\u0144 Bo\u017c\u0105 karc\u0105c \u0142otra l\u017c\u0105cego Jezusa, prosimy ci\u0119<\/span><\/p>\n<p><span>pokornie, wstawiaj si\u0119 za &#8230;&#8230;&#8230;&#8230;&#8230;&#8230;., kt\u00f3ry &#8230;&#8230;&#8230;&#8230;&#8230;&#8230;. (wymieni\u0107: na\u0142\u00f3g, grzech, niestosowne<\/span><\/p>\n<p><span>upodobanie, itp.), aby okaza\u0142 boja\u017a\u0144 swoj\u0105 przed Bogiem i zerwa\u0142 ze swoim grzechem (na\u0142ogiem&#8230;).<\/span><\/p>\n<p><span>M\u00f3dlmy si\u0119:\u00a0<\/span><span>Jezu, wspomnij na &#8230;&#8230;&#8230;&#8230;..,<\/span><\/p>\n<p>gdy przyjdziesz do Swego Kr\u00f3lestwa. Ojcze<\/p>\n<p>nasz&#8230;, Zdrowa\u015b Maryjo&#8230;, Chwa\u0142a Ojcu&#8230;.<\/p>\n<p>Wszechmog\u0105cy i mi\u0142osierny Bo\u017ce, Ty przywracasz<\/p>\n<p>sprawiedliwo\u015b\u0107 grzesznikom, pokornie<\/p>\n<p>Ci\u0119 b\u0142agamy, sk\u0142o\u0144 nas do prawdziwej pokuty,<\/p>\n<p>jak Jednorodzony Syn Tw\u00f3j \u0142askawym<\/p>\n<p>wejrzeniem skruszy\u0142 \u015bwi\u0119tego \u0141otra i daj nam<\/p>\n<p>wieczn\u0105 chwa\u0142\u0119, jak\u0105 mu obieca\u0142. Przez naszego<\/p>\n<p>Pana Jezusa Chrystusa, kt\u00f3ry z Tob\u0105<\/p>\n<p>\u017cyje i kr\u00f3luje, B\u00f3g przez wszystkie wieki wiek\u00f3w.<\/p>\n<p>Amen.<\/p>\n<p><span>Dzie\u0144 II<\/span><\/p>\n<p><span>Pokorny \u0141otrze, ty, kt\u00f3ry sprawiedliwie cierpia\u0142e\u015b za swoje czyny, prosimy ci\u0119 pokornie,<\/span><\/p>\n<p><span>wstawiaj si\u0119 za &#8230;&#8230;&#8230;&#8230;&#8230;&#8230;&#8230;., aby ujrza\u0142 ca\u0142e z\u0142o, kt\u00f3rego si\u0119 dopuszcza i kt\u00f3re wyrz\u0105dza<\/span><\/p>\n<p><span>sobie i innym.<\/span><\/p>\n<p><span>M\u00f3dlmy si\u0119:\u00a0<\/span><span>Jezu &#8230;&#8230;&#8230;<\/span><\/p>\n<p><span>Dzie\u0144 III<\/span><\/p>\n<p><span>Pokorny \u0141otrze, ty, kt\u00f3ry okaza\u0142e\u015b wsp\u00f3\u0142czucie Jezusowi, prosimy ci\u0119 pokornie, wstawiaj<\/span><\/p>\n<p><span>si\u0119 za &#8230;&#8230;&#8230;&#8230;&#8230;&#8230;., aby dostrzeg\u0142 rany zadawane swoim najbli\u017cszym przez sw\u00f3j grzech<\/span><\/p>\n<p><span>(na\u0142\u00f3g&#8230;). M\u00f3dlmy si\u0119:\u00a0<\/span><span>Jezu &#8230;&#8230;.<\/span><\/p>\n<p><span>Dzie\u0144 IV<\/span><\/p>\n<p><span>Pokorny \u0141otrze, ty kt\u00f3ry zobaczy\u0142e\u015b niesprawiedliwo\u015b\u0107 w os\u0105dzaniu Jezusa, prosimy<\/span><\/p>\n<p><span>ci\u0119 pokornie, wstawiaj si\u0119 za &#8230;&#8230;&#8230;&#8230;&#8230;., aby ujrza\u0142 krzywdy nies\u0142usznie wyrz\u0105dzone.<\/span><\/p>\n<p><span>M\u00f3dlmy si\u0119:\u00a0<\/span><span>Jezu &#8230;&#8230;&#8230;.<\/span><\/p>\n<p><span>Dzie\u0144 V<\/span><\/p>\n<p><span>Pokorny \u0141otrze, ty, kt\u00f3ry otworzy\u0142e\u015b si\u0119 na Boga i zaufa\u0142e\u015b Jego mi\u0142osierdziu, prosimy<\/span><\/p>\n<p><span>ci\u0119 pokornie, wstawiaj si\u0119 za &#8230;&#8230;&#8230;&#8230;&#8230;&#8230;, aby zaufa\u0142 mi\u0142osierdziu Bo\u017cemu i zosta\u0142 wyrwany<\/span><\/p>\n<p><span>z side\u0142 szatana i uwolniony od z\u0142a.<\/span><\/p>\n<p><span>M\u00f3dlmy si\u0119:\u00a0<\/span><span>Jezu &#8230;&#8230;&#8230;.<\/span><\/p>\n<p><span>Dzie\u0144 VI<\/span><\/p>\n<p><span>Pokorny \u0141otrze, ty, kt\u00f3ry potrafi\u0142e\u015b zobaczy\u0107 swoj\u0105 n\u0119dz\u0119 i uzna\u0107 j\u0105 przed swoim Zbawicielem,<\/span><\/p>\n<p><span>prosimy ci\u0119 pokornie, wstawiaj si\u0119 za &#8230;&#8230;&#8230;&#8230;&#8230;&#8230;.., aby m\u00f3g\u0142 do\u015bwiadczy\u0107 takiej<\/span><\/p>\n<p><span>\u0142aski skruchy, kt\u00f3rej ty do\u015bwiadczy\u0142e\u015b na krzy\u017cu.<\/span><\/p>\n<p><span>M\u00f3dlmy si\u0119:\u00a0<\/span><span>Jezu &#8230;&#8230;.<\/span><\/p>\n<p><span>Dzie\u0144 VII<\/span><\/p>\n<p><span>Pokorny \u0141otrze, ty, kt\u00f3ry w ostatnim momencie swego \u017cycia zapragn\u0105\u0142e\u015b Boga<\/span><\/p>\n<p><span>i nawet nie pomy\u015bla\u0142e\u015b, \u017ce mo\u017cesz razem z Nim przebywa\u0107 w Jego Kr\u00f3lestwie, prosimy<\/span><\/p>\n<p><span>ci\u0119 pokornie, wstawiaj si\u0119 za &#8230;&#8230;&#8230;&#8230;&#8230;.., aby zapragn\u0105\u0142 Boga, \u017ar\u00f3d\u0142a swojego \u017cycia.<\/span><\/p>\n<p><span>M\u00f3dlmy si\u0119:\u00a0<\/span><span>Jezu &#8230;&#8230;..<\/span><\/p>\n<p><span>Dzie\u0144 VIII<\/span><\/p>\n<p><span>Pokorny \u0141otrze, ty, kt\u00f3ry prosi\u0142e\u015b tylko o wspomnienie o tobie w raju, prosimy ci\u0119<\/span><\/p>\n<p><span>pokornie, wstawiaj si\u0119 za &#8230;&#8230;&#8230;&#8230;&#8230;&#8230;&#8230;. i wypro\u015b dla niego \u0142ask\u0119 spowiedzi \u015bwi\u0119tej, pojednanie<\/span><\/p>\n<p><span>z Bogiem i z lud\u017ami.<\/span><\/p>\n<p><span>M\u00f3dlmy si\u0119:\u00a0<\/span><span>Jezu &#8230;&#8230;.<\/span><\/p>\n<p><span>Dzie\u0144 IX<\/span><\/p>\n<p><span>Pokorny \u0141otrze, ty, kt\u00f3rego Zbawiciel razem ze sob\u0105 wzi\u0105\u0142 do raju, prosimy ci\u0119 pokornie,<\/span><\/p>\n<p><span>wstawiaj si\u0119 za &#8230;&#8230;&#8230;&#8230;&#8230;&#8230;&#8230;., aby ju\u017c tutaj na ziemi rozpocz\u0105\u0142 swoje \u017cycie z Bogiem<\/span><\/p>\n<p><span>i w Bogu.<\/span><\/p>\n<p><span>M\u00f3dlmy si\u0119:\u00a0<\/span><span>Jezu &#8230;<\/span><\/p>\n<p><span>26 marca<\/span><\/p>\n<p>\u015awi\u0119ty Dobry \u0141otr<\/p>\n<p><span>\u015awi\u0119ty Dyzmas by\u0142 tym cz\u0142owiekiem, o kt\u00f3rym pisze w swojej Ewangelii \u015bw. \u0141ukasz, \u017ce kiedy jeden z ukrzy\u017cowanych z Jezusem \u0142otr\u00f3w ur\u0105ga\u0142 Mu, skarci\u0142 go, \u017ce oni umieraj\u0105 s\u0142usznie, za swe zbrodnie, ale Jezus nic z\u0142ego nie uczyni\u0142. I zwr\u00f3ci\u0142 si\u0119 do Jezusa, prosz\u0105c, \u017ceby wspomnia\u0142 na niego, kiedy ju\u017c przyjdzie do swego kr\u00f3lestwa. A Jezus obieca\u0142 Dobremu \u0141otrowi &#8211; bo tak go od tego czasu nazywamy &#8211;<br \/>\n\u017ce jeszcze dzi\u015b b\u0119dzie z Nim w raju.<\/span><\/p>\n<p>By\u0142 to pierwszy swoisty akt kanonizacji, kt\u00f3rego jeszcze na Krzy\u017cu dokona\u0142 Chrystus.<\/p>\n<p>O Dobrym \u0141otrze pisa\u0142o wielu Ojc\u00f3w Ko\u015bcio\u0142a i \u015bwi\u0119tych. Jego imi\u0119 Dyzmas pochodzi z pism apokryficznych. Ko\u015bci\u00f3\u0142 wschodni czci go nawet jako m\u0119czennika. W Bolonii, w ko\u015bciele \u015aw. Witalisa i w bazylice \u015aw. Stefana oddawano cze\u015b\u0107 cz\u0119\u015bciom krzy\u017ca, na kt\u00f3rym Dobry \u0141otr mia\u0142 ponie\u015b\u0107 \u015bmier\u0107. Pielgrzymi, udaj\u0105cy si\u0119 do Ziemi \u015awi\u0119tej, ch\u0119tnie nawiedzali miejscowo\u015b\u0107 &#8222;Latrum&#8221; w pobli\u017cu Emaus,<br \/>\nkt\u00f3ra im przypomina\u0142a posta\u0107 Dobrego \u0141otra.<\/p>\n<p>Dobry \u0141otr jest symbolem Bo\u017cego Mi\u0142osierdzia;<br \/>\npokazuje, \u017ce nawet w ostatniej chwili \u017cycia mo\u017cna jeszcze powr\u00f3ci\u0107 do Boga.<br \/>\n\u015aw. Dyzmas jest patronem Gallipoli (Apulii), z\u0142odziei, skazanych na \u015bmier\u0107 i dobrej \u015bmierci.<\/p>\n","protected":false},"excerpt":{"rendered":"<p>26 marca Ko\u015bci\u00f3\u0142 wspomina pierwszego cz\u0142owieka, kt\u00f3ry by\u0142 kanonizowany przez samego Jezusa Chrystusa \u2013 \u015bw. Dyzm\u0119. Pro\u015bmy go szczeg\u00f3lnie o \u0142ask\u0119 skruchy. Nowenna za przyczyn\u0105 Dobrego \u0141otra \u015bw. Dyzmy Dzie\u0144 I Pokorny \u0141otrze, ty, kt\u00f3ry okaza\u0142e\u015b boja\u017a\u0144 Bo\u017c\u0105 karc\u0105c \u0142otra l\u017c\u0105cego Jezusa, prosimy ci\u0119 pokornie, wstawiaj si\u0119 za &#8230;&#8230;&#8230;&#8230;&#8230;&#8230;., kt\u00f3ry [&hellip;]<\/p>\n","protected":false},"author":1,"featured_media":640,"parent":710,"menu_order":0,"comment_status":"closed","ping_status":"closed","template":"","meta":{"footnotes":""},"class_list":["post-636","page","type-page","status-publish","has-post-thumbnail","hentry"],"_links":{"self":[{"href":"https:\/\/dobrylotr.pl\/index.php\/wp-json\/wp\/v2\/pages\/636","targetHints":{"allow":["GET"]}}],"collection":[{"href":"https:\/\/dobrylotr.pl\/index.php\/wp-json\/wp\/v2\/pages"}],"about":[{"href":"https:\/\/dobrylotr.pl\/index.php\/wp-json\/wp\/v2\/types\/page"}],"author":[{"embeddable":true,"href":"https:\/\/dobrylotr.pl\/index.php\/wp-json\/wp\/v2\/users\/1"}],"replies":[{"embeddable":true,"href":"https:\/\/dobrylotr.pl\/index.php\/wp-json\/wp\/v2\/comments?post=636"}],"version-history":[{"count":3,"href":"https:\/\/dobrylotr.pl\/index.php\/wp-json\/wp\/v2\/pages\/636\/revisions"}],"predecessor-version":[{"id":642,"href":"https:\/\/dobrylotr.pl\/index.php\/wp-json\/wp\/v2\/pages\/636\/revisions\/642"}],"up":[{"embeddable":true,"href":"https:\/\/dobrylotr.pl\/index.php\/wp-json\/wp\/v2\/pages\/710"}],"wp:featuredmedia":[{"embeddable":true,"href":"https:\/\/dobrylotr.pl\/index.php\/wp-json\/wp\/v2\/media\/640"}],"wp:attachment":[{"href":"https:\/\/dobrylotr.pl\/index.php\/wp-json\/wp\/v2\/media?parent=636"}],"curies":[{"name":"wp","href":"https:\/\/api.w.org\/{rel}","templated":true}]}}