{"id":728,"date":"2020-03-31T15:32:05","date_gmt":"2020-03-31T14:32:05","guid":{"rendered":"http:\/\/dobrylotr.pl\/?page_id=728"},"modified":"2020-03-31T15:32:32","modified_gmt":"2020-03-31T14:32:32","slug":"formacja-swiadkow-ichtis-skarzysko-kamienna","status":"publish","type":"page","link":"https:\/\/dobrylotr.pl\/index.php\/formacja\/formacja-swiadkow-ichtis-skarzysko-kamienna\/","title":{"rendered":"Formacja \u015awiadk\u00f3w &#8211; ICHTIS (Skar\u017cysko-Kamienna)"},"content":{"rendered":"<p>Witajcie, przepraszam za ko\u0144c\u00f3wk\u0119 wideo kt\u00f3r\u0105 mi uci\u0119\u0142o. Sk\u0142adam w niej \u017cyczenia lub bardziej po chrze\u015bcija\u0144sku b\u0142ogos\u0142awi\u0119 was na nadchodz\u0105ce \u015bwi\u0119ta Zmartwychwstania Jezusa. Wi\u0119c tuwas b\u0142ogos\u0142awi\u0119 i \u017cycz\u0119 dobrego czasu przed\u0142u\u017caj\u0105cego si\u0119 Wielkiego Pi\u0105tku.<\/p>\n<p><iframe loading=\"lazy\" title=\"Formacja \u015awiadk\u00f3w - cele wsp\u00f3lnoty\" width=\"750\" height=\"422\" src=\"https:\/\/www.youtube.com\/embed\/7S_3VqVbLbU?feature=oembed\" frameborder=\"0\" allow=\"accelerometer; autoplay; encrypted-media; gyroscope; picture-in-picture\" allowfullscreen><\/iframe><\/p>\n","protected":false},"excerpt":{"rendered":"<p>Witajcie, przepraszam za ko\u0144c\u00f3wk\u0119 wideo kt\u00f3r\u0105 mi uci\u0119\u0142o. Sk\u0142adam w niej \u017cyczenia lub bardziej po chrze\u015bcija\u0144sku b\u0142ogos\u0142awi\u0119 was na nadchodz\u0105ce \u015bwi\u0119ta Zmartwychwstania Jezusa. Wi\u0119c tuwas b\u0142ogos\u0142awi\u0119 i \u017cycz\u0119 dobrego czasu przed\u0142u\u017caj\u0105cego si\u0119 Wielkiego Pi\u0105tku.<\/p>\n","protected":false},"author":1,"featured_media":0,"parent":621,"menu_order":0,"comment_status":"closed","ping_status":"closed","template":"","meta":{"footnotes":""},"class_list":["post-728","page","type-page","status-publish","hentry"],"_links":{"self":[{"href":"https:\/\/dobrylotr.pl\/index.php\/wp-json\/wp\/v2\/pages\/728","targetHints":{"allow":["GET"]}}],"collection":[{"href":"https:\/\/dobrylotr.pl\/index.php\/wp-json\/wp\/v2\/pages"}],"about":[{"href":"https:\/\/dobrylotr.pl\/index.php\/wp-json\/wp\/v2\/types\/page"}],"author":[{"embeddable":true,"href":"https:\/\/dobrylotr.pl\/index.php\/wp-json\/wp\/v2\/users\/1"}],"replies":[{"embeddable":true,"href":"https:\/\/dobrylotr.pl\/index.php\/wp-json\/wp\/v2\/comments?post=728"}],"version-history":[{"count":1,"href":"https:\/\/dobrylotr.pl\/index.php\/wp-json\/wp\/v2\/pages\/728\/revisions"}],"predecessor-version":[{"id":729,"href":"https:\/\/dobrylotr.pl\/index.php\/wp-json\/wp\/v2\/pages\/728\/revisions\/729"}],"up":[{"embeddable":true,"href":"https:\/\/dobrylotr.pl\/index.php\/wp-json\/wp\/v2\/pages\/621"}],"wp:attachment":[{"href":"https:\/\/dobrylotr.pl\/index.php\/wp-json\/wp\/v2\/media?parent=728"}],"curies":[{"name":"wp","href":"https:\/\/api.w.org\/{rel}","templated":true}]}}