{"id":737,"date":"2020-04-01T16:29:27","date_gmt":"2020-04-01T15:29:27","guid":{"rendered":"http:\/\/dobrylotr.pl\/?page_id=737"},"modified":"2020-04-01T16:29:27","modified_gmt":"2020-04-01T15:29:27","slug":"formacja-swiadkow-przedborz","status":"publish","type":"page","link":"https:\/\/dobrylotr.pl\/index.php\/formacja\/formacja-swiadkow-przedborz\/","title":{"rendered":"Formacja \u015awiadk\u00f3w Przedb\u00f3rz"},"content":{"rendered":"<p><iframe loading=\"lazy\" title=\"Formacja \u015awiadk\u00f3w Przedb\u00f3rz - Wsp\u00f3lnota jako znak i  \u015bwiadectwo\" width=\"750\" height=\"422\" src=\"https:\/\/www.youtube.com\/embed\/pFiW_pB6DVY?feature=oembed\" frameborder=\"0\" allow=\"accelerometer; autoplay; encrypted-media; gyroscope; picture-in-picture\" allowfullscreen><\/iframe><\/p>\n","protected":false},"excerpt":{"rendered":"","protected":false},"author":1,"featured_media":0,"parent":621,"menu_order":0,"comment_status":"closed","ping_status":"closed","template":"","meta":{"footnotes":""},"class_list":["post-737","page","type-page","status-publish","hentry"],"_links":{"self":[{"href":"https:\/\/dobrylotr.pl\/index.php\/wp-json\/wp\/v2\/pages\/737","targetHints":{"allow":["GET"]}}],"collection":[{"href":"https:\/\/dobrylotr.pl\/index.php\/wp-json\/wp\/v2\/pages"}],"about":[{"href":"https:\/\/dobrylotr.pl\/index.php\/wp-json\/wp\/v2\/types\/page"}],"author":[{"embeddable":true,"href":"https:\/\/dobrylotr.pl\/index.php\/wp-json\/wp\/v2\/users\/1"}],"replies":[{"embeddable":true,"href":"https:\/\/dobrylotr.pl\/index.php\/wp-json\/wp\/v2\/comments?post=737"}],"version-history":[{"count":1,"href":"https:\/\/dobrylotr.pl\/index.php\/wp-json\/wp\/v2\/pages\/737\/revisions"}],"predecessor-version":[{"id":738,"href":"https:\/\/dobrylotr.pl\/index.php\/wp-json\/wp\/v2\/pages\/737\/revisions\/738"}],"up":[{"embeddable":true,"href":"https:\/\/dobrylotr.pl\/index.php\/wp-json\/wp\/v2\/pages\/621"}],"wp:attachment":[{"href":"https:\/\/dobrylotr.pl\/index.php\/wp-json\/wp\/v2\/media?parent=737"}],"curies":[{"name":"wp","href":"https:\/\/api.w.org\/{rel}","templated":true}]}}