{"id":931,"date":"2020-06-16T13:08:59","date_gmt":"2020-06-16T12:08:59","guid":{"rendered":"http:\/\/dobrylotr.pl\/?page_id=931"},"modified":"2020-06-16T13:17:04","modified_gmt":"2020-06-16T12:17:04","slug":"szkola-gospodarzy-v-modul","status":"publish","type":"page","link":"https:\/\/dobrylotr.pl\/index.php\/animatorzy\/szkola-gospodarzy-v-modul\/","title":{"rendered":"Szko\u0142a Gospodarzy V modu\u0142"},"content":{"rendered":"<p><strong>Pi\u0105ty modu\u0142:<\/strong><\/p>\n<p><strong>Tym razem szko\u0142a gospodarzy odb\u0119dzie si\u0119 przez ZOOM.<br \/>\n<\/strong>(kawa, herbata i ciastka we w\u0142asnym zakresie:)<\/p>\n<p><strong>Data:<\/strong><br \/>\n19 &#8211; 20 czerwca<\/p>\n<p><strong>Piatek:<\/strong><br \/>\n19:00 &#8211; 21:00<br \/>\nlink do ZOOM: <a href=\"https:\/\/us02web.zoom.us\/j\/81349166624\">https:\/\/us02web.zoom.us\/j\/81349166624<\/a><\/p>\n<p><strong>Sobota:<\/strong><br \/>\n9:00 &#8211; 13:30<br \/>\nlink do ZOOM: <a href=\"https:\/\/us02web.zoom.us\/j\/84994995553\">https:\/\/us02web.zoom.us\/j\/84994995553<\/a><\/p>\n<p>Nie ma op\u0142aty za udzia\u0142 w tej szkole, natomiast zach\u0119camy do ofiary na remont naszego o\u015brodka na poni\u017csze konto.<\/p>\n<p><span>S\u0142awomir P\u0142usa<\/span><br \/>\n<span>47 1140 2004 0000 3902 7615 0995<br \/>\n<\/span>W tytule prosz\u0119 poda\u0107: Ofiara na remont.<\/p>\n<h3 style=\"text-align: center;\"><a href=\"https:\/\/docs.google.com\/forms\/d\/e\/1FAIpQLScTPEyVz58iSFuR3KKfClufmeuRMyXyUMX8UKkaMYjkL1CA1A\/viewform?usp=sf_link\">Zapisz si\u0119<\/a><\/h3>\n","protected":false},"excerpt":{"rendered":"<p>Pi\u0105ty modu\u0142: Tym razem szko\u0142a gospodarzy odb\u0119dzie si\u0119 przez ZOOM. (kawa, herbata i ciastka we w\u0142asnym zakresie:) Data: 19 &#8211; 20 czerwca Piatek: 19:00 &#8211; 21:00 link do ZOOM: https:\/\/us02web.zoom.us\/j\/81349166624 Sobota: 9:00 &#8211; 13:30 link do ZOOM: https:\/\/us02web.zoom.us\/j\/84994995553 Nie ma op\u0142aty za udzia\u0142 w tej szkole, natomiast zach\u0119camy do ofiary [&hellip;]<\/p>\n","protected":false},"author":1,"featured_media":0,"parent":189,"menu_order":0,"comment_status":"closed","ping_status":"closed","template":"","meta":{"footnotes":""},"class_list":["post-931","page","type-page","status-publish","hentry"],"_links":{"self":[{"href":"https:\/\/dobrylotr.pl\/index.php\/wp-json\/wp\/v2\/pages\/931","targetHints":{"allow":["GET"]}}],"collection":[{"href":"https:\/\/dobrylotr.pl\/index.php\/wp-json\/wp\/v2\/pages"}],"about":[{"href":"https:\/\/dobrylotr.pl\/index.php\/wp-json\/wp\/v2\/types\/page"}],"author":[{"embeddable":true,"href":"https:\/\/dobrylotr.pl\/index.php\/wp-json\/wp\/v2\/users\/1"}],"replies":[{"embeddable":true,"href":"https:\/\/dobrylotr.pl\/index.php\/wp-json\/wp\/v2\/comments?post=931"}],"version-history":[{"count":3,"href":"https:\/\/dobrylotr.pl\/index.php\/wp-json\/wp\/v2\/pages\/931\/revisions"}],"predecessor-version":[{"id":934,"href":"https:\/\/dobrylotr.pl\/index.php\/wp-json\/wp\/v2\/pages\/931\/revisions\/934"}],"up":[{"embeddable":true,"href":"https:\/\/dobrylotr.pl\/index.php\/wp-json\/wp\/v2\/pages\/189"}],"wp:attachment":[{"href":"https:\/\/dobrylotr.pl\/index.php\/wp-json\/wp\/v2\/media?parent=931"}],"curies":[{"name":"wp","href":"https:\/\/api.w.org\/{rel}","templated":true}]}}